{"id":957,"date":"2020-04-24T13:50:08","date_gmt":"2020-04-24T13:50:08","guid":{"rendered":"https:\/\/novo.bz\/imprint\/"},"modified":"2020-05-20T09:11:33","modified_gmt":"2020-05-20T09:11:33","slug":"imprint","status":"publish","type":"page","link":"https:\/\/novo.bz\/it\/imprint\/","title":{"rendered":"Imprint"},"content":{"rendered":"<p>[et_pb_section fb_built=&#8221;1&#8243; _builder_version=&#8221;4.4.3&#8243; background_color=&#8221;#dfcdb7&#8243; custom_margin=&#8221;|20px|20px|20px|false|true&#8221; custom_margin_tablet=&#8221;&#8221; custom_margin_phone=&#8221;|5px|5px|5px|false|true&#8221; custom_margin_last_edited=&#8221;on|phone&#8221; custom_padding=&#8221;0px|10px|0px|10px|false|true&#8221;][et_pb_row _builder_version=&#8221;4.4.3&#8243; width_tablet=&#8221;&#8221; width_phone=&#8221;100%&#8221; width_last_edited=&#8221;on|phone&#8221;][et_pb_column type=&#8221;4_4&#8243; _builder_version=&#8221;4.0.9&#8243;][et_pb_text _builder_version=&#8221;4.4.3&#8243; header_font=&#8221;|800|||||||&#8221; header_text_color=&#8221;#766261&#8243; header_2_font=&#8221;|800|||||||&#8221; header_2_text_color=&#8221;#766261&#8243; custom_margin=&#8221;||0px||false|false&#8221; custom_padding=&#8221;5px||0px||false|false&#8221;]<\/p>\n<h1>Imprint<\/h1>\n<p>[\/et_pb_text][et_pb_divider color=&#8221;#766261&#8243; divider_position=&#8221;center&#8221; divider_weight=&#8221;4px&#8221; _builder_version=&#8221;4.0.9&#8243; width=&#8221;32px&#8221; module_alignment=&#8221;left&#8221; custom_margin=&#8221;||0px||false|false&#8221; custom_padding=&#8221;||||false|false&#8221;][\/et_pb_divider][\/et_pb_column][\/et_pb_row][\/et_pb_section][et_pb_section fb_built=&#8221;1&#8243; _builder_version=&#8221;4.0.9&#8243; custom_margin=&#8221;|20px|20px|20px|false|true&#8221; custom_margin_tablet=&#8221;&#8221; custom_margin_phone=&#8221;|5px|5px|5px|false|true&#8221; custom_margin_last_edited=&#8221;on|phone&#8221; custom_padding=&#8221;0px|10px|0px|10px|false|true&#8221;][et_pb_row column_structure=&#8221;1_2,1_2&#8243; _builder_version=&#8221;4.4.3&#8243; width_tablet=&#8221;&#8221; width_phone=&#8221;100%&#8221; width_last_edited=&#8221;on|phone&#8221;][et_pb_column type=&#8221;1_2&#8243; _builder_version=&#8221;4.0.9&#8243;][et_pb_text _builder_version=&#8221;4.4.3&#8243; text_font_size=&#8221;17px&#8221; text_line_height=&#8221;1.3em&#8221; custom_margin=&#8221;||||false|false&#8221; custom_padding=&#8221;||||false|false&#8221;]Novo vGmbH\/Srls<br \/>\nWeggensteinstra\u00dfe 14\/B Via Weggenstein<br \/>\n39100 Bozen\/Bolzano \u2013 Italy<br \/>\nTel: +39 0471 1815009 (Bolzano) \/ +39 0472 518829 (Bressanone)<br \/>\nInternet:\u00a0<a href=\"https:\/\/novo.bz\/\">www.novo.bz<\/a>[\/et_pb_text][\/et_pb_column][et_pb_column type=&#8221;1_2&#8243; _builder_version=&#8221;4.0.9&#8243;][et_pb_text _builder_version=&#8221;4.4.3&#8243; text_font_size=&#8221;17px&#8221; text_line_height=&#8221;1.3em&#8221; custom_margin=&#8221;||||false|false&#8221; custom_padding=&#8221;||||false|false&#8221;]Developed by:<\/p>\n<p><a href=\"https:\/\/www.webdesm.com\/\">Webdesm &#8211; Webdesign &amp; Social Media<\/a>[\/et_pb_text][\/et_pb_column][\/et_pb_row][et_pb_row _builder_version=&#8221;4.4.3&#8243; width_tablet=&#8221;&#8221; width_phone=&#8221;100%&#8221; width_last_edited=&#8221;on|phone&#8221; custom_margin=&#8221;||||false|false&#8221; custom_padding=&#8221;0px||||false|false&#8221;][et_pb_column type=&#8221;4_4&#8243; _builder_version=&#8221;4.0.9&#8243;][et_pb_text _builder_version=&#8221;4.4.6&#8243; text_font_size=&#8221;17px&#8221; text_line_height=&#8221;1.3em&#8221; custom_margin=&#8221;||||false|false&#8221; custom_padding=&#8221;||||false|false&#8221; hover_enabled=&#8221;0&#8243;]Rappresentanti legali: Stefan Zanotti<br \/>\ne-mail: info(at)novo.bz<br \/>\nIndirizzo Pec: novogmbh@pec.it<br \/>\ncellulare:+39 349 5747248<br \/>\nCamera di Commercio: Bolzano<br \/>\nNumero di iscrizione alla Camera di Commercio: BZ &#8211; 218966<br \/>\nCapitale sociale: 8.000 euro<br \/>\nDesideriamo inoltre sottolineare che si tratta di una societ\u00e0 con un unico azionista.<\/p>\n<p>Disclaimer<br \/>\nNovo Srls fa ogni sforzo per garantire al meglio le informazioni contenute in questo sito web. Tuttavia, Novo Srls non si assume alcuna responsabilit\u00e0 n\u00e9 garantisce che le informazioni fornite siano aggiornate, corrette e complete. Inoltre, Novo Srl snon \u00e8 responsabile del contenuto dei siti web collegati a questo sito tramite hyperlink. Novo Srls si riserva il diritto di apportare modifiche o aggiunte alle informazioni fornite senza preavviso.<\/p>\n<p>Copyright<br \/>\nIl layout della homepage, la grafica utilizzata e i contenuti del sito web della Novo Srls sono protetti dal diritto d&#8217;autore. La riproduzione di informazioni, in particolare l&#8217;utilizzo di testi, parti di testi o immagini, richiede il previo consenso scritto di Novo Srls.<\/p>\n<p>\u00a9 Novo Srls 2020 &#8211; Tutti i diritti riservati.[\/et_pb_text][\/et_pb_column][\/et_pb_row][\/et_pb_section]<\/p>\n","protected":false},"excerpt":{"rendered":"<p>ImprintNovo vGmbH\/Srls Weggensteinstra\u00dfe 14\/B Via Weggenstein 39100 Bozen\/Bolzano \u2013 Italy Tel: +39 0471 1815009 (Bolzano) \/ +39 0472 518829 (Bressanone) Internet:\u00a0www.novo.bzDeveloped by: Webdesm &#8211; Webdesign &amp; Social MediaRappresentanti legali: Stefan Zanotti e-mail: info(at)novo.bz Indirizzo Pec: novogmbh@pec.it cellulare:+39 349 5747248 Camera di Commercio: Bolzano Numero di iscrizione alla Camera di Commercio: BZ &#8211; 218966 Capitale sociale: 8.000 euro Desideriamo inoltre sottolineare che si tratta di una societ\u00e0 con un unico azionista. Disclaimer Novo Srls fa ogni sforzo per garantire al meglio le informazioni contenute in questo sito web. Tuttavia, Novo Srls non si assume alcuna responsabilit\u00e0 n\u00e9 garantisce che le informazioni fornite siano aggiornate, corrette e complete. Inoltre, Novo Srl snon \u00e8 responsabile del contenuto dei siti web collegati a questo sito tramite hyperlink. Novo Srls si riserva il diritto di apportare modifiche o aggiunte alle informazioni fornite senza preavviso. Copyright Il layout della homepage, la grafica utilizzata e i contenuti del sito web della Novo Srls sono protetti dal diritto d&#8217;autore. La riproduzione di informazioni, in particolare l&#8217;utilizzo di testi, parti di testi o immagini, richiede il previo consenso scritto di Novo Srls. \u00a9 Novo Srls 2020 &#8211; Tutti i diritti riservati.<\/p>\n","protected":false},"author":61,"featured_media":0,"parent":0,"menu_order":0,"comment_status":"closed","ping_status":"closed","template":"","meta":{"_et_pb_use_builder":"on","_et_pb_old_content":"","_et_gb_content_width":"","footnotes":""},"class_list":["post-957","page","type-page","status-publish","hentry"],"yoast_head":"<!-- This site is optimized with the Yoast SEO plugin v25.6 - https:\/\/yoast.com\/wordpress\/plugins\/seo\/ -->\n<title>Imprint - Novo Market Bio &amp; Lose Sfuso<\/title>\n<meta name=\"robots\" content=\"index, follow, max-snippet:-1, max-image-preview:large, max-video-preview:-1\" \/>\n<link rel=\"canonical\" href=\"https:\/\/novo.bz\/impressum\/\" \/>\n<meta property=\"og:locale\" content=\"it_IT\" \/>\n<meta property=\"og:type\" content=\"article\" \/>\n<meta property=\"og:title\" content=\"Imprint - Novo Market Bio &amp; Lose Sfuso\" \/>\n<meta property=\"og:description\" content=\"ImprintNovo vGmbH\/Srls Weggensteinstra\u00dfe 14\/B Via Weggenstein 39100 Bozen\/Bolzano \u2013 Italy Tel: +39 0471 1815009 (Bolzano) \/ +39 0472 518829 (Bressanone) Internet:\u00a0www.novo.bzDeveloped by: Webdesm - Webdesign &amp; Social MediaRappresentanti legali: Stefan Zanotti e-mail: info(at)novo.bz Indirizzo Pec: novogmbh@pec.it cellulare:+39 349 5747248 Camera di Commercio: Bolzano Numero di iscrizione alla Camera di Commercio: BZ - 218966 Capitale sociale: 8.000 euro Desideriamo inoltre sottolineare che si tratta di una societ\u00e0 con un unico azionista. Disclaimer Novo Srls fa ogni sforzo per garantire al meglio le informazioni contenute in questo sito web. Tuttavia, Novo Srls non si assume alcuna responsabilit\u00e0 n\u00e9 garantisce che le informazioni fornite siano aggiornate, corrette e complete. Inoltre, Novo Srl snon \u00e8 responsabile del contenuto dei siti web collegati a questo sito tramite hyperlink. Novo Srls si riserva il diritto di apportare modifiche o aggiunte alle informazioni fornite senza preavviso. Copyright Il layout della homepage, la grafica utilizzata e i contenuti del sito web della Novo Srls sono protetti dal diritto d&#039;autore. La riproduzione di informazioni, in particolare l&#039;utilizzo di testi, parti di testi o immagini, richiede il previo consenso scritto di Novo Srls. \u00a9 Novo Srls 2020 - Tutti i diritti riservati.\" \/>\n<meta property=\"og:url\" content=\"https:\/\/novo.bz\/impressum\/\" \/>\n<meta property=\"og:site_name\" content=\"Novo Market Bio &amp; Lose Sfuso\" \/>\n<meta property=\"article:publisher\" content=\"https:\/\/www.facebook.com\/novobz\/\" \/>\n<meta property=\"article:modified_time\" content=\"2020-05-20T09:11:33+00:00\" \/>\n<meta name=\"twitter:label1\" content=\"Tempo di lettura stimato\" \/>\n\t<meta name=\"twitter:data1\" content=\"3 minuti\" \/>\n<script type=\"application\/ld+json\" class=\"yoast-schema-graph\">{\"@context\":\"https:\/\/schema.org\",\"@graph\":[{\"@type\":\"WebPage\",\"@id\":\"https:\/\/novo.bz\/impressum\/\",\"url\":\"https:\/\/novo.bz\/impressum\/\",\"name\":\"Imprint - Novo Market Bio &amp; Lose Sfuso\",\"isPartOf\":{\"@id\":\"https:\/\/novo.bz\/#website\"},\"datePublished\":\"2020-04-24T13:50:08+00:00\",\"dateModified\":\"2020-05-20T09:11:33+00:00\",\"breadcrumb\":{\"@id\":\"https:\/\/novo.bz\/impressum\/#breadcrumb\"},\"inLanguage\":\"it-IT\",\"potentialAction\":[{\"@type\":\"ReadAction\",\"target\":[\"https:\/\/novo.bz\/impressum\/\"]}]},{\"@type\":\"BreadcrumbList\",\"@id\":\"https:\/\/novo.bz\/impressum\/#breadcrumb\",\"itemListElement\":[{\"@type\":\"ListItem\",\"position\":1,\"name\":\"Startseite\",\"item\":\"https:\/\/novo.bz\/\"},{\"@type\":\"ListItem\",\"position\":2,\"name\":\"Imprint\"}]},{\"@type\":\"WebSite\",\"@id\":\"https:\/\/novo.bz\/#website\",\"url\":\"https:\/\/novo.bz\/\",\"name\":\"Novo Market Bio &amp; Lose Sfuso\",\"description\":\"Zero Waste Bio-Supermarket\",\"publisher\":{\"@id\":\"https:\/\/novo.bz\/#organization\"},\"potentialAction\":[{\"@type\":\"SearchAction\",\"target\":{\"@type\":\"EntryPoint\",\"urlTemplate\":\"https:\/\/novo.bz\/?s={search_term_string}\"},\"query-input\":{\"@type\":\"PropertyValueSpecification\",\"valueRequired\":true,\"valueName\":\"search_term_string\"}}],\"inLanguage\":\"it-IT\"},{\"@type\":\"Organization\",\"@id\":\"https:\/\/novo.bz\/#organization\",\"name\":\"Novo Zero Waste Market Online Shop Sfuso Unverpackt\",\"url\":\"https:\/\/novo.bz\/\",\"logo\":{\"@type\":\"ImageObject\",\"inLanguage\":\"it-IT\",\"@id\":\"https:\/\/novo.bz\/#\/schema\/logo\/image\/\",\"url\":\"https:\/\/novo.bz\/wp-content\/uploads\/Novo-Logo.png\",\"contentUrl\":\"https:\/\/novo.bz\/wp-content\/uploads\/Novo-Logo.png\",\"width\":300,\"height\":221,\"caption\":\"Novo Zero Waste Market Online Shop Sfuso Unverpackt\"},\"image\":{\"@id\":\"https:\/\/novo.bz\/#\/schema\/logo\/image\/\"},\"sameAs\":[\"https:\/\/www.facebook.com\/novobz\/\",\"https:\/\/www.instagram.com\/novo.bz.bio.market.sfuso\/\"]}]}<\/script>\n<!-- \/ Yoast SEO plugin. -->","yoast_head_json":{"title":"Imprint - Novo Market Bio &amp; Lose Sfuso","robots":{"index":"index","follow":"follow","max-snippet":"max-snippet:-1","max-image-preview":"max-image-preview:large","max-video-preview":"max-video-preview:-1"},"canonical":"https:\/\/novo.bz\/impressum\/","og_locale":"it_IT","og_type":"article","og_title":"Imprint - Novo Market Bio &amp; Lose Sfuso","og_description":"ImprintNovo vGmbH\/Srls Weggensteinstra\u00dfe 14\/B Via Weggenstein 39100 Bozen\/Bolzano \u2013 Italy Tel: +39 0471 1815009 (Bolzano) \/ +39 0472 518829 (Bressanone) Internet:\u00a0www.novo.bzDeveloped by: Webdesm - Webdesign &amp; Social MediaRappresentanti legali: Stefan Zanotti e-mail: info(at)novo.bz Indirizzo Pec: novogmbh@pec.it cellulare:+39 349 5747248 Camera di Commercio: Bolzano Numero di iscrizione alla Camera di Commercio: BZ - 218966 Capitale sociale: 8.000 euro Desideriamo inoltre sottolineare che si tratta di una societ\u00e0 con un unico azionista. Disclaimer Novo Srls fa ogni sforzo per garantire al meglio le informazioni contenute in questo sito web. Tuttavia, Novo Srls non si assume alcuna responsabilit\u00e0 n\u00e9 garantisce che le informazioni fornite siano aggiornate, corrette e complete. Inoltre, Novo Srl snon \u00e8 responsabile del contenuto dei siti web collegati a questo sito tramite hyperlink. Novo Srls si riserva il diritto di apportare modifiche o aggiunte alle informazioni fornite senza preavviso. Copyright Il layout della homepage, la grafica utilizzata e i contenuti del sito web della Novo Srls sono protetti dal diritto d'autore. La riproduzione di informazioni, in particolare l'utilizzo di testi, parti di testi o immagini, richiede il previo consenso scritto di Novo Srls. \u00a9 Novo Srls 2020 - Tutti i diritti riservati.","og_url":"https:\/\/novo.bz\/impressum\/","og_site_name":"Novo Market Bio &amp; Lose Sfuso","article_publisher":"https:\/\/www.facebook.com\/novobz\/","article_modified_time":"2020-05-20T09:11:33+00:00","twitter_misc":{"Tempo di lettura stimato":"3 minuti"},"schema":{"@context":"https:\/\/schema.org","@graph":[{"@type":"WebPage","@id":"https:\/\/novo.bz\/impressum\/","url":"https:\/\/novo.bz\/impressum\/","name":"Imprint - Novo Market Bio &amp; Lose Sfuso","isPartOf":{"@id":"https:\/\/novo.bz\/#website"},"datePublished":"2020-04-24T13:50:08+00:00","dateModified":"2020-05-20T09:11:33+00:00","breadcrumb":{"@id":"https:\/\/novo.bz\/impressum\/#breadcrumb"},"inLanguage":"it-IT","potentialAction":[{"@type":"ReadAction","target":["https:\/\/novo.bz\/impressum\/"]}]},{"@type":"BreadcrumbList","@id":"https:\/\/novo.bz\/impressum\/#breadcrumb","itemListElement":[{"@type":"ListItem","position":1,"name":"Startseite","item":"https:\/\/novo.bz\/"},{"@type":"ListItem","position":2,"name":"Imprint"}]},{"@type":"WebSite","@id":"https:\/\/novo.bz\/#website","url":"https:\/\/novo.bz\/","name":"Novo Market Bio &amp; Lose Sfuso","description":"Zero Waste Bio-Supermarket","publisher":{"@id":"https:\/\/novo.bz\/#organization"},"potentialAction":[{"@type":"SearchAction","target":{"@type":"EntryPoint","urlTemplate":"https:\/\/novo.bz\/?s={search_term_string}"},"query-input":{"@type":"PropertyValueSpecification","valueRequired":true,"valueName":"search_term_string"}}],"inLanguage":"it-IT"},{"@type":"Organization","@id":"https:\/\/novo.bz\/#organization","name":"Novo Zero Waste Market Online Shop Sfuso Unverpackt","url":"https:\/\/novo.bz\/","logo":{"@type":"ImageObject","inLanguage":"it-IT","@id":"https:\/\/novo.bz\/#\/schema\/logo\/image\/","url":"https:\/\/novo.bz\/wp-content\/uploads\/Novo-Logo.png","contentUrl":"https:\/\/novo.bz\/wp-content\/uploads\/Novo-Logo.png","width":300,"height":221,"caption":"Novo Zero Waste Market Online Shop Sfuso Unverpackt"},"image":{"@id":"https:\/\/novo.bz\/#\/schema\/logo\/image\/"},"sameAs":["https:\/\/www.facebook.com\/novobz\/","https:\/\/www.instagram.com\/novo.bz.bio.market.sfuso\/"]}]}},"_links":{"self":[{"href":"https:\/\/novo.bz\/it\/wp-json\/wp\/v2\/pages\/957"}],"collection":[{"href":"https:\/\/novo.bz\/it\/wp-json\/wp\/v2\/pages"}],"about":[{"href":"https:\/\/novo.bz\/it\/wp-json\/wp\/v2\/types\/page"}],"author":[{"embeddable":true,"href":"https:\/\/novo.bz\/it\/wp-json\/wp\/v2\/users\/61"}],"replies":[{"embeddable":true,"href":"https:\/\/novo.bz\/it\/wp-json\/wp\/v2\/comments?post=957"}],"version-history":[{"count":5,"href":"https:\/\/novo.bz\/it\/wp-json\/wp\/v2\/pages\/957\/revisions"}],"predecessor-version":[{"id":1324,"href":"https:\/\/novo.bz\/it\/wp-json\/wp\/v2\/pages\/957\/revisions\/1324"}],"wp:attachment":[{"href":"https:\/\/novo.bz\/it\/wp-json\/wp\/v2\/media?parent=957"}],"curies":[{"name":"wp","href":"https:\/\/api.w.org\/{rel}","templated":true}]}}