{"id":937,"date":"2020-04-24T13:17:27","date_gmt":"2020-04-24T13:17:27","guid":{"rendered":"https:\/\/novo.bz\/filosofia\/"},"modified":"2023-07-29T12:33:19","modified_gmt":"2023-07-29T10:33:19","slug":"filosofia","status":"publish","type":"page","link":"https:\/\/novo.bz\/it\/filosofia\/","title":{"rendered":"Filosofia"},"content":{"rendered":"<p>[et_pb_section fb_built=&#8221;1&#8243; _builder_version=&#8221;4.16&#8243; background_color=&#8221;#dfcdb7&#8243; custom_margin=&#8221;|20px|20px|20px|false|true&#8221; custom_margin_tablet=&#8221;&#8221; custom_margin_phone=&#8221;|5px|5px|5px|false|true&#8221; custom_margin_last_edited=&#8221;on|phone&#8221; custom_padding=&#8221;0px|10px|0px|10px|false|true&#8221; border_color_all=&#8221;#fcc752&#8243; global_colors_info=&#8221;{}&#8221;][et_pb_row _builder_version=&#8221;4.16&#8243; width_tablet=&#8221;&#8221; width_phone=&#8221;100%&#8221; width_last_edited=&#8221;on|phone&#8221; global_colors_info=&#8221;{}&#8221;][et_pb_column type=&#8221;4_4&#8243; _builder_version=&#8221;4.16&#8243; global_colors_info=&#8221;{}&#8221;][et_pb_text _builder_version=&#8221;4.18.0&#8243; header_font=&#8221;|800|||||||&#8221; header_text_color=&#8221;#766261&#8243; header_2_font=&#8221;|800|||||||&#8221; header_2_text_color=&#8221;#766261&#8243; custom_margin=&#8221;||0px||false|false&#8221; custom_padding=&#8221;5px||0px||false|false&#8221; global_colors_info=&#8221;{}&#8221;]<\/p>\n<h1>La nostra filosofia &amp; chi siamo<\/h1>\n<p>[\/et_pb_text][et_pb_divider color=&#8221;#766261&#8243; divider_position=&#8221;center&#8221; divider_weight=&#8221;4px&#8221; _builder_version=&#8221;4.16&#8243; width=&#8221;32px&#8221; module_alignment=&#8221;left&#8221; custom_margin=&#8221;||0px||false|false&#8221; custom_padding=&#8221;||||false|false&#8221; global_colors_info=&#8221;{}&#8221;][\/et_pb_divider][\/et_pb_column][\/et_pb_row][et_pb_row _builder_version=&#8221;4.21.0&#8243; _module_preset=&#8221;default&#8221; global_colors_info=&#8221;{}&#8221; global_module=&#8221;5063&#8243; theme_builder_area=&#8221;post_content&#8221;][et_pb_column type=&#8221;4_4&#8243; _builder_version=&#8221;4.21.0&#8243; _module_preset=&#8221;default&#8221; global_colors_info=&#8221;{}&#8221; theme_builder_area=&#8221;post_content&#8221;][et_pb_video src=&#8221;https:\/\/novo.bz\/wp-content\/uploads\/videoNovo_Einkaufen.mp4&#8243; module_class=&#8221;autoplay-video&#8221; _builder_version=&#8221;4.21.0&#8243; _module_preset=&#8221;default&#8221; global_colors_info=&#8221;{}&#8221; theme_builder_area=&#8221;post_content&#8221;][\/et_pb_video][\/et_pb_column][\/et_pb_row][\/et_pb_section][et_pb_section fb_built=&#8221;1&#8243; _builder_version=&#8221;4.16&#8243; background_image=&#8221;https:\/\/novo.bz\/wp-content\/uploads\/Novo-Header.jpg&#8221; custom_margin=&#8221;|20px|20px|20px|false|true&#8221; custom_margin_tablet=&#8221;&#8221; custom_margin_phone=&#8221;|5px|5px|5px|false|true&#8221; custom_margin_last_edited=&#8221;on|phone&#8221; custom_padding=&#8221;0px|0px||0px|false|true&#8221; background_last_edited=&#8221;on|phone&#8221; background_image_phone=&#8221;https:\/\/novo.bz\/wp-content\/uploads\/2020\/04\/Novo_Header_Mobile.jpg&#8221; background_enable_image_phone=&#8221;on&#8221; background_position_phone=&#8221;center_left&#8221; global_module=&#8221;3258&#8243; global_colors_info=&#8221;{}&#8221;][et_pb_row _builder_version=&#8221;4.16&#8243; custom_margin=&#8221;0px||0px||false|false&#8221; custom_padding=&#8221;0px||0px||false|false&#8221; global_colors_info=&#8221;{}&#8221;][et_pb_column type=&#8221;4_4&#8243; _builder_version=&#8221;4.16&#8243; global_colors_info=&#8221;{}&#8221;][et_pb_image src=&#8221;https:\/\/novo.bz\/wp-content\/uploads\/Logo_GIF_website_IT.gif&#8221; align=&#8221;center&#8221; _builder_version=&#8221;4.16&#8243; height=&#8221;300px&#8221; height_tablet=&#8221;&#8221; height_phone=&#8221;&#8221; height_last_edited=&#8221;on|desktop&#8221; global_colors_info=&#8221;{}&#8221;][\/et_pb_image][\/et_pb_column][\/et_pb_row][et_pb_row _builder_version=&#8221;4.16&#8243; background_color=&#8221;#ffffff&#8221; z_index=&#8221;1&#8243; width_tablet=&#8221;&#8221; width_phone=&#8221;95%&#8221; width_last_edited=&#8221;on|phone&#8221; module_alignment=&#8221;center&#8221; custom_margin=&#8221;0px|10%|-100px|10%|false|true&#8221; custom_padding=&#8221;|5%||5%|false|true&#8221; border_width_all=&#8221;10px&#8221; border_color_all=&#8221;#fcc752&#8243; global_colors_info=&#8221;{}&#8221;][et_pb_column type=&#8221;4_4&#8243; _builder_version=&#8221;4.16&#8243; global_colors_info=&#8221;{}&#8221;][et_pb_text _builder_version=&#8221;4.16&#8243; text_text_color=&#8221;#777777&#8243; link_text_color=&#8221;#777777&#8243; header_font=&#8221;|800|||||||&#8221; header_2_font=&#8221;|800|||||||&#8221; header_2_text_color=&#8221;#fcc752&#8243; background_color=&#8221;#ffffff&#8221; text_orientation=&#8221;center&#8221; custom_margin=&#8221;||0px||false|false&#8221; custom_padding=&#8221;||0px||false|false&#8221; global_colors_info=&#8221;{}&#8221;]<\/p>\n<h2>NOVO BIO &amp; SFUSO &#8211; IL SUPERMERCATO BIOLOGICO E SENZA PLASTICA<\/h2>\n<p>[\/et_pb_text][et_pb_divider divider_position=&#8221;center&#8221; divider_weight=&#8221;4px&#8221; _builder_version=&#8221;4.16&#8243; width=&#8221;32px&#8221; module_alignment=&#8221;center&#8221; custom_margin=&#8221;||0px||false|false&#8221; custom_padding=&#8221;||||false|false&#8221; global_colors_info=&#8221;{}&#8221;][\/et_pb_divider][et_pb_text _builder_version=&#8221;4.16&#8243; text_orientation=&#8221;center&#8221; custom_margin=&#8221;||||false|false&#8221; custom_padding=&#8221;||||false|false&#8221; global_colors_info=&#8221;{}&#8221;]<\/p>\n<p><span>Qui troverete tutto per la vostra spesa settimanale, ecologico, biologico, senza plastica, sfuso e nella quantit\u00e0 che voi desiderate<\/span><\/p>\n<p>[\/et_pb_text][\/et_pb_column][\/et_pb_row][et_pb_row _builder_version=&#8221;4.21.0&#8243; _module_preset=&#8221;default&#8221; global_colors_info=&#8221;{}&#8221;][et_pb_column type=&#8221;4_4&#8243; _builder_version=&#8221;4.21.0&#8243; _module_preset=&#8221;default&#8221; global_colors_info=&#8221;{}&#8221;][\/et_pb_column][\/et_pb_row][\/et_pb_section][et_pb_section fb_built=&#8221;1&#8243; _builder_version=&#8221;4.16&#8243; background_color=&#8221;#aab78f&#8221; background_enable_image=&#8221;off&#8221; min_height=&#8221;350px&#8221; custom_margin=&#8221;20px|20px|20px|20px|true|true&#8221; custom_margin_tablet=&#8221;&#8221; custom_margin_phone=&#8221;5px|5px|5px|5px|true|true&#8221; custom_margin_last_edited=&#8221;on|desktop&#8221; custom_padding=&#8221;|10px||10px|false|true&#8221; global_module=&#8221;3257&#8243; global_colors_info=&#8221;{}&#8221;][et_pb_row column_structure=&#8221;1_2,1_2&#8243; use_custom_gutter=&#8221;on&#8221; gutter_width=&#8221;2&#8243; make_equal=&#8221;on&#8221; _builder_version=&#8221;4.16&#8243; width_tablet=&#8221;&#8221; width_phone=&#8221;100%&#8221; width_last_edited=&#8221;on|phone&#8221; custom_margin=&#8221;||||true|true&#8221; custom_margin_tablet=&#8221;&#8221; custom_margin_phone=&#8221;0px||0px||true|true&#8221; custom_margin_last_edited=&#8221;on|phone&#8221; custom_padding=&#8221;||0px||false|false&#8221; global_colors_info=&#8221;{}&#8221;][et_pb_column type=&#8221;1_2&#8243; _builder_version=&#8221;4.16&#8243; custom_padding=&#8221;||||false|false&#8221; global_colors_info=&#8221;{}&#8221;][et_pb_text _builder_version=&#8221;4.16&#8243; header_font=&#8221;|800|||||||&#8221; header_2_font=&#8221;|800|||||||&#8221; header_2_text_color=&#8221;#ffffff&#8221; custom_margin=&#8221;||0px||false|false&#8221; custom_padding=&#8221;||0px||false|false&#8221; global_colors_info=&#8221;{}&#8221;]<\/p>\n<h2>CHE COS&#8217;\u00c8 NOVO?<\/h2>\n<p>[\/et_pb_text][et_pb_divider color=&#8221;#ffffff&#8221; divider_position=&#8221;center&#8221; divider_weight=&#8221;4px&#8221; _builder_version=&#8221;4.16&#8243; width=&#8221;32px&#8221; module_alignment=&#8221;left&#8221; custom_margin=&#8221;||0px||false|false&#8221; custom_padding=&#8221;||||false|false&#8221; global_colors_info=&#8221;{}&#8221;][\/et_pb_divider][et_pb_text _builder_version=&#8221;4.18.0&#8243; text_text_color=&#8221;#ffffff&#8221; link_text_color=&#8221;#ffffff&#8221; custom_margin=&#8221;||||false|false&#8221; custom_padding=&#8221;||||false|false&#8221; global_colors_info=&#8221;{}&#8221;]<\/p>\n<p>Novo \u00e8 molto pi\u00f9 di un semplice<span>\u00a0<\/span><a href=\"https:\/\/novo.bz\/it\/sedi\/\">supermercato biologico zero waste e senza plastica<\/a>.<br \/>Novo \u00e8 un concetto, una filosofia di una vita sosteinibile.<br \/>Sviluppata e vissuta da Maria Lobis e Stefan Zanotti<\/p>\n<p>Novo significa &#8220;nuovo&#8221; e in questo senso &#8220;diverso&#8221;<\/p>\n<p>[\/et_pb_text][et_pb_image src=&#8221;https:\/\/novo.bz\/wp-content\/uploads\/NovoFamilie102201_w.jpg&#8221; title_text=&#8221;NovoFamilie102201_w&#8221; _builder_version=&#8221;4.18.0&#8243; _module_preset=&#8221;default&#8221; global_colors_info=&#8221;{}&#8221;][\/et_pb_image][\/et_pb_column][et_pb_column type=&#8221;1_2&#8243; _builder_version=&#8221;4.16&#8243; custom_padding=&#8221;||||false|false&#8221; custom_css_main_element=&#8221;margin: auto;&#8221; global_colors_info=&#8221;{}&#8221;][et_pb_video src=&#8221;https:\/\/www.youtube.com\/watch?v=1f7UpulauIU&#8221; image_src=&#8221;https:\/\/novo.bz\/wp-content\/uploads\/Novo-wer-steht-dahinter-.jpg&#8221; play_icon_color=&#8221;#ffffff&#8221; thumbnail_overlay_color=&#8221;rgba(252,199,82,0.35)&#8221; module_class=&#8221;pa-hide-related-videos&#8221; _builder_version=&#8221;4.16&#8243; _module_preset=&#8221;default&#8221; box_shadow_style=&#8221;preset2&#8243; global_colors_info=&#8221;{}&#8221; play_icon_color__hover_enabled=&#8221;off|desktop&#8221; play_icon_color__hover=&#8221;#766261&#8243;][\/et_pb_video][et_pb_text _builder_version=&#8221;4.18.0&#8243; text_text_color=&#8221;#ffffff&#8221; link_text_color=&#8221;#ffffff&#8221; custom_margin=&#8221;||||false|false&#8221; custom_padding=&#8221;||||false|false&#8221; global_colors_info=&#8221;{}&#8221;]<\/p>\n<p><span>Sostenibilit\u00e0, shopping senza imballaggi, vita senza plastica e, naturalmente, biologico &#8211; Novo bio &amp; sfuso lo garantisce.<\/span><\/p>\n<p>[\/et_pb_text][\/et_pb_column][\/et_pb_row][\/et_pb_section][et_pb_section fb_built=&#8221;1&#8243; _builder_version=&#8221;4.16&#8243; custom_margin=&#8221;|5px||5px|false|true&#8221; custom_padding=&#8221;0px|10px||10px|false|true&#8221; global_colors_info=&#8221;{}&#8221;][et_pb_row _builder_version=&#8221;4.16&#8243; width_tablet=&#8221;&#8221; width_phone=&#8221;100%&#8221; width_last_edited=&#8221;on|phone&#8221; global_colors_info=&#8221;{}&#8221;][et_pb_column type=&#8221;4_4&#8243; _builder_version=&#8221;4.16&#8243; global_colors_info=&#8221;{}&#8221;][et_pb_text _builder_version=&#8221;4.16&#8243; global_colors_info=&#8221;{}&#8221;]Novo \u00e8 sinonimo di apertura e responsabilit\u00e0. Il nostro negozio invita le persone a scambiare opinioni in modo critico, ad imparare, a lasciarsi ispirare e permette alle persone di fare acquisti in modo sostenibile e sano.[\/et_pb_text][\/et_pb_column][\/et_pb_row][et_pb_row column_structure=&#8221;1_3,1_3,1_3&#8243; _builder_version=&#8221;4.16&#8243; width_tablet=&#8221;&#8221; width_phone=&#8221;100%&#8221; width_last_edited=&#8221;on|phone&#8221; global_colors_info=&#8221;{}&#8221;][et_pb_column type=&#8221;1_3&#8243; _builder_version=&#8221;4.16&#8243; global_colors_info=&#8221;{}&#8221;][et_pb_text _builder_version=&#8221;4.16&#8243; text_font_size=&#8221;19px&#8221; header_3_font=&#8221;||||||||&#8221; global_colors_info=&#8221;{}&#8221;]<\/p>\n<h3>Apertura<\/h3>\n<p>Novo \u00e8 pi\u00f9 di un semplice negozio: \u00e8 uno spazio vivo, di\u00a0scambio e di apprendimento. In questo senso, il nostro obiettivo \u00e8 quello di\u00a0essere aperti,\u00a0accoglienti e accessibili\u00a0per chiunque, indipendentemente da et\u00e0, sesso o paese di appartenenza. Siamo aperti a nuove idee come anche alle critiche e speriamo di poter portare avanti questo progetto attraverso un sano dialogo tra noi e voi, nostri clienti.[\/et_pb_text][\/et_pb_column][et_pb_column type=&#8221;1_3&#8243; _builder_version=&#8221;4.16&#8243; global_colors_info=&#8221;{}&#8221;][et_pb_text _builder_version=&#8221;4.16&#8243; text_font_size=&#8221;19px&#8221; header_3_font=&#8221;||||||||&#8221; global_colors_info=&#8221;{}&#8221;]<\/p>\n<h3>Sostenibilit\u00e0:<\/h3>\n<p>Per noi la \u201csostenibilit\u00e0\u201d \u00e8 un concetto olistico che comprende economia, societ\u00e0 e natura. Novo ci offre la possibilit\u00e0 di ridurre attivamente imballaggi e contenitori usa e getta.<\/p>\n<p>Offriamo prodotti\u00a0biologici, se possibile regionali, stagionali\u00a0e provenienti dal commercio\u00a0equo e solidale\u00a0e, contemporaneamente, supportando strutture locali, intendiamo promuovere la biodiversit\u00e0 e contribuire alla protezione dell\u2019ambiente.[\/et_pb_text][\/et_pb_column][et_pb_column type=&#8221;1_3&#8243; _builder_version=&#8221;4.16&#8243; global_colors_info=&#8221;{}&#8221;][et_pb_text _builder_version=&#8221;4.16&#8243; text_font_size=&#8221;19px&#8221; header_3_font=&#8221;||||||||&#8221; global_colors_info=&#8221;{}&#8221;]<\/p>\n<h3>Responsabilit\u00e0:<\/h3>\n<p>Vogliamo contribuire al cambiamento\u00a0eco-sociale\u00a0e consentire ad ognuno di noi di vivere in modo\u00a0sostenibile\u00a0e salutare, ritornando alle radici e riavvicinandoci alla natura. Speriamo, in futuro, di poter rendere Novo e la sua filosofia una realt\u00e0 anche in altre citt\u00e0 della regione, raggiungendo con la nostra idea sempre pi\u00f9 persone.[\/et_pb_text][\/et_pb_column][\/et_pb_row][\/et_pb_section][et_pb_section fb_built=&#8221;1&#8243; _builder_version=&#8221;4.16&#8243; background_color=&#8221;#dfcdb7&#8243; background_enable_image=&#8221;off&#8221; min_height=&#8221;350px&#8221; custom_margin=&#8221;20px|20px|20px|20px|true|true&#8221; custom_margin_tablet=&#8221;&#8221; custom_margin_phone=&#8221;5px|5px|5px|5px|true|true&#8221; custom_margin_last_edited=&#8221;on|phone&#8221; custom_padding=&#8221;|10px||10px|false|true&#8221; global_colors_info=&#8221;{}&#8221;][et_pb_row _builder_version=&#8221;4.16&#8243; width_tablet=&#8221;&#8221; width_phone=&#8221;100%&#8221; width_last_edited=&#8221;on|phone&#8221; global_colors_info=&#8221;{}&#8221;][et_pb_column type=&#8221;4_4&#8243; _builder_version=&#8221;4.16&#8243; global_colors_info=&#8221;{}&#8221;][et_pb_text _builder_version=&#8221;4.16&#8243; header_font=&#8221;|800|||||||&#8221; header_2_font=&#8221;|800|||||||&#8221; header_2_text_color=&#8221;#766261&#8243; text_orientation=&#8221;center&#8221; custom_margin=&#8221;||0px||false|false&#8221; custom_padding=&#8221;||0px||false|false&#8221; global_colors_info=&#8221;{}&#8221;]<\/p>\n<h2>Online Shop<\/h2>\n<p>[\/et_pb_text][et_pb_divider color=&#8221;#766261&#8243; divider_position=&#8221;center&#8221; divider_weight=&#8221;4px&#8221; _builder_version=&#8221;4.16&#8243; width=&#8221;32px&#8221; module_alignment=&#8221;center&#8221; custom_margin=&#8221;||0px||false|false&#8221; custom_padding=&#8221;||||false|false&#8221; global_colors_info=&#8221;{}&#8221;][\/et_pb_divider][et_pb_text _builder_version=&#8221;4.16&#8243; text_text_color=&#8221;#766261&#8243; text_orientation=&#8221;center&#8221; custom_margin=&#8221;||||false|false&#8221; custom_padding=&#8221;||||false|false&#8221; global_colors_info=&#8221;{}&#8221;]Nel nostro negozio online shop.novo.bz \u00e8 gi\u00e0 possibile acquistare alcuni prodotti online. Tuttavia, desideriamo sottolineare che il nostro negozio online non \u00e8 ancora completo e che siamo in procinto di ampliarlo, questo potrebbe richiedere ancora un po&#8217; di tempo ?[\/et_pb_text][et_pb_button button_url=&#8221;https:\/\/novo.bz\/it&#8221; button_text=&#8221;Visita lo shop online&#8221; button_alignment=&#8221;center&#8221; _builder_version=&#8221;4.17.6&#8243; custom_button=&#8221;on&#8221; button_text_size=&#8221;17px&#8221; button_text_color=&#8221;#766261&#8243; button_border_color=&#8221;#766261&#8243; global_colors_info=&#8221;{}&#8221;][\/et_pb_button][\/et_pb_column][\/et_pb_row][\/et_pb_section]<\/p>\n","protected":false},"excerpt":{"rendered":"<p>La nostra filosofia &amp; chi siamoNOVO BIO &amp; SFUSO &#8211; IL SUPERMERCATO BIOLOGICO E SENZA PLASTICAQui troverete tutto per la vostra spesa settimanale, ecologico, biologico, senza plastica, sfuso e nella quantit\u00e0 che voi desiderateCHE COS&#8217;\u00c8 NOVO?Novo \u00e8 molto pi\u00f9 di un semplice\u00a0supermercato biologico zero waste e senza plastica.Novo \u00e8 un concetto, una filosofia di una vita sosteinibile.Sviluppata e vissuta da Maria Lobis e Stefan Zanotti Novo significa &#8220;nuovo&#8221; e in questo senso &#8220;diverso&#8221;Sostenibilit\u00e0, shopping senza imballaggi, vita senza plastica e, naturalmente, biologico &#8211; Novo bio &amp; sfuso lo garantisce.Novo \u00e8 sinonimo di apertura e responsabilit\u00e0. Il nostro negozio invita le persone a scambiare opinioni in modo critico, ad imparare, a lasciarsi ispirare e permette alle persone di fare acquisti in modo sostenibile e sano.Apertura Novo \u00e8 pi\u00f9 di un semplice negozio: \u00e8 uno spazio vivo, di\u00a0scambio e di apprendimento. In questo senso, il nostro obiettivo \u00e8 quello di\u00a0essere aperti,\u00a0accoglienti e accessibili\u00a0per chiunque, indipendentemente da et\u00e0, sesso o paese di appartenenza. Siamo aperti a nuove idee come anche alle critiche e speriamo di poter portare avanti questo progetto attraverso un sano dialogo tra noi e voi, nostri clienti.Sostenibilit\u00e0: Per noi la \u201csostenibilit\u00e0\u201d \u00e8 un concetto olistico che comprende economia, societ\u00e0 e [&hellip;]<\/p>\n","protected":false},"author":61,"featured_media":0,"parent":0,"menu_order":0,"comment_status":"closed","ping_status":"closed","template":"","meta":{"_et_pb_use_builder":"on","_et_pb_old_content":"","_et_gb_content_width":"","footnotes":""},"class_list":["post-937","page","type-page","status-publish","hentry"],"yoast_head":"<!-- This site is optimized with the Yoast SEO plugin v25.6 - https:\/\/yoast.com\/wordpress\/plugins\/seo\/ -->\n<title>Filosofia - Novo Market Bio &amp; Lose Sfuso<\/title>\n<meta name=\"robots\" content=\"index, follow, max-snippet:-1, max-image-preview:large, max-video-preview:-1\" \/>\n<link rel=\"canonical\" href=\"https:\/\/novo.bz\/philosophie\/\" \/>\n<meta property=\"og:locale\" content=\"it_IT\" \/>\n<meta property=\"og:type\" content=\"article\" \/>\n<meta property=\"og:title\" content=\"Filosofia - Novo Market Bio &amp; Lose Sfuso\" \/>\n<meta property=\"og:description\" content=\"La nostra filosofia &amp; chi siamoNOVO BIO &amp; SFUSO - IL SUPERMERCATO BIOLOGICO E SENZA PLASTICAQui troverete tutto per la vostra spesa settimanale, ecologico, biologico, senza plastica, sfuso e nella quantit\u00e0 che voi desiderateCHE COS&#039;\u00c8 NOVO?Novo \u00e8 molto pi\u00f9 di un semplice\u00a0supermercato biologico zero waste e senza plastica.Novo \u00e8 un concetto, una filosofia di una vita sosteinibile.Sviluppata e vissuta da Maria Lobis e Stefan Zanotti Novo significa &quot;nuovo&quot; e in questo senso &quot;diverso&quot;Sostenibilit\u00e0, shopping senza imballaggi, vita senza plastica e, naturalmente, biologico - Novo bio &amp; sfuso lo garantisce.Novo \u00e8 sinonimo di apertura e responsabilit\u00e0. Il nostro negozio invita le persone a scambiare opinioni in modo critico, ad imparare, a lasciarsi ispirare e permette alle persone di fare acquisti in modo sostenibile e sano.Apertura Novo \u00e8 pi\u00f9 di un semplice negozio: \u00e8 uno spazio vivo, di\u00a0scambio e di apprendimento. In questo senso, il nostro obiettivo \u00e8 quello di\u00a0essere aperti,\u00a0accoglienti e accessibili\u00a0per chiunque, indipendentemente da et\u00e0, sesso o paese di appartenenza. Siamo aperti a nuove idee come anche alle critiche e speriamo di poter portare avanti questo progetto attraverso un sano dialogo tra noi e voi, nostri clienti.Sostenibilit\u00e0: Per noi la \u201csostenibilit\u00e0\u201d \u00e8 un concetto olistico che comprende economia, societ\u00e0 e [&hellip;]\" \/>\n<meta property=\"og:url\" content=\"https:\/\/novo.bz\/philosophie\/\" \/>\n<meta property=\"og:site_name\" content=\"Novo Market Bio &amp; Lose Sfuso\" \/>\n<meta property=\"article:publisher\" content=\"https:\/\/www.facebook.com\/novobz\/\" \/>\n<meta property=\"article:modified_time\" content=\"2023-07-29T10:33:19+00:00\" \/>\n<meta name=\"twitter:label1\" content=\"Tempo di lettura stimato\" \/>\n\t<meta name=\"twitter:data1\" content=\"8 minuti\" \/>\n<script type=\"application\/ld+json\" class=\"yoast-schema-graph\">{\"@context\":\"https:\/\/schema.org\",\"@graph\":[{\"@type\":\"WebPage\",\"@id\":\"https:\/\/novo.bz\/philosophie\/\",\"url\":\"https:\/\/novo.bz\/philosophie\/\",\"name\":\"Filosofia - Novo Market Bio &amp; Lose Sfuso\",\"isPartOf\":{\"@id\":\"https:\/\/novo.bz\/#website\"},\"datePublished\":\"2020-04-24T13:17:27+00:00\",\"dateModified\":\"2023-07-29T10:33:19+00:00\",\"breadcrumb\":{\"@id\":\"https:\/\/novo.bz\/philosophie\/#breadcrumb\"},\"inLanguage\":\"it-IT\",\"potentialAction\":[{\"@type\":\"ReadAction\",\"target\":[\"https:\/\/novo.bz\/philosophie\/\"]}]},{\"@type\":\"BreadcrumbList\",\"@id\":\"https:\/\/novo.bz\/philosophie\/#breadcrumb\",\"itemListElement\":[{\"@type\":\"ListItem\",\"position\":1,\"name\":\"Startseite\",\"item\":\"https:\/\/novo.bz\/\"},{\"@type\":\"ListItem\",\"position\":2,\"name\":\"Filosofia\"}]},{\"@type\":\"WebSite\",\"@id\":\"https:\/\/novo.bz\/#website\",\"url\":\"https:\/\/novo.bz\/\",\"name\":\"Novo Market Bio &amp; Lose Sfuso\",\"description\":\"Zero Waste Bio-Supermarket\",\"publisher\":{\"@id\":\"https:\/\/novo.bz\/#organization\"},\"potentialAction\":[{\"@type\":\"SearchAction\",\"target\":{\"@type\":\"EntryPoint\",\"urlTemplate\":\"https:\/\/novo.bz\/?s={search_term_string}\"},\"query-input\":{\"@type\":\"PropertyValueSpecification\",\"valueRequired\":true,\"valueName\":\"search_term_string\"}}],\"inLanguage\":\"it-IT\"},{\"@type\":\"Organization\",\"@id\":\"https:\/\/novo.bz\/#organization\",\"name\":\"Novo Zero Waste Market Online Shop Sfuso Unverpackt\",\"url\":\"https:\/\/novo.bz\/\",\"logo\":{\"@type\":\"ImageObject\",\"inLanguage\":\"it-IT\",\"@id\":\"https:\/\/novo.bz\/#\/schema\/logo\/image\/\",\"url\":\"https:\/\/novo.bz\/wp-content\/uploads\/Novo-Logo.png\",\"contentUrl\":\"https:\/\/novo.bz\/wp-content\/uploads\/Novo-Logo.png\",\"width\":300,\"height\":221,\"caption\":\"Novo Zero Waste Market Online Shop Sfuso Unverpackt\"},\"image\":{\"@id\":\"https:\/\/novo.bz\/#\/schema\/logo\/image\/\"},\"sameAs\":[\"https:\/\/www.facebook.com\/novobz\/\",\"https:\/\/www.instagram.com\/novo.bz.bio.market.sfuso\/\"]}]}<\/script>\n<!-- \/ Yoast SEO plugin. -->","yoast_head_json":{"title":"Filosofia - Novo Market Bio &amp; Lose Sfuso","robots":{"index":"index","follow":"follow","max-snippet":"max-snippet:-1","max-image-preview":"max-image-preview:large","max-video-preview":"max-video-preview:-1"},"canonical":"https:\/\/novo.bz\/philosophie\/","og_locale":"it_IT","og_type":"article","og_title":"Filosofia - Novo Market Bio &amp; Lose Sfuso","og_description":"La nostra filosofia &amp; chi siamoNOVO BIO &amp; SFUSO - IL SUPERMERCATO BIOLOGICO E SENZA PLASTICAQui troverete tutto per la vostra spesa settimanale, ecologico, biologico, senza plastica, sfuso e nella quantit\u00e0 che voi desiderateCHE COS'\u00c8 NOVO?Novo \u00e8 molto pi\u00f9 di un semplice\u00a0supermercato biologico zero waste e senza plastica.Novo \u00e8 un concetto, una filosofia di una vita sosteinibile.Sviluppata e vissuta da Maria Lobis e Stefan Zanotti Novo significa \"nuovo\" e in questo senso \"diverso\"Sostenibilit\u00e0, shopping senza imballaggi, vita senza plastica e, naturalmente, biologico - Novo bio &amp; sfuso lo garantisce.Novo \u00e8 sinonimo di apertura e responsabilit\u00e0. Il nostro negozio invita le persone a scambiare opinioni in modo critico, ad imparare, a lasciarsi ispirare e permette alle persone di fare acquisti in modo sostenibile e sano.Apertura Novo \u00e8 pi\u00f9 di un semplice negozio: \u00e8 uno spazio vivo, di\u00a0scambio e di apprendimento. In questo senso, il nostro obiettivo \u00e8 quello di\u00a0essere aperti,\u00a0accoglienti e accessibili\u00a0per chiunque, indipendentemente da et\u00e0, sesso o paese di appartenenza. Siamo aperti a nuove idee come anche alle critiche e speriamo di poter portare avanti questo progetto attraverso un sano dialogo tra noi e voi, nostri clienti.Sostenibilit\u00e0: Per noi la \u201csostenibilit\u00e0\u201d \u00e8 un concetto olistico che comprende economia, societ\u00e0 e [&hellip;]","og_url":"https:\/\/novo.bz\/philosophie\/","og_site_name":"Novo Market Bio &amp; Lose Sfuso","article_publisher":"https:\/\/www.facebook.com\/novobz\/","article_modified_time":"2023-07-29T10:33:19+00:00","twitter_misc":{"Tempo di lettura stimato":"8 minuti"},"schema":{"@context":"https:\/\/schema.org","@graph":[{"@type":"WebPage","@id":"https:\/\/novo.bz\/philosophie\/","url":"https:\/\/novo.bz\/philosophie\/","name":"Filosofia - Novo Market Bio &amp; Lose Sfuso","isPartOf":{"@id":"https:\/\/novo.bz\/#website"},"datePublished":"2020-04-24T13:17:27+00:00","dateModified":"2023-07-29T10:33:19+00:00","breadcrumb":{"@id":"https:\/\/novo.bz\/philosophie\/#breadcrumb"},"inLanguage":"it-IT","potentialAction":[{"@type":"ReadAction","target":["https:\/\/novo.bz\/philosophie\/"]}]},{"@type":"BreadcrumbList","@id":"https:\/\/novo.bz\/philosophie\/#breadcrumb","itemListElement":[{"@type":"ListItem","position":1,"name":"Startseite","item":"https:\/\/novo.bz\/"},{"@type":"ListItem","position":2,"name":"Filosofia"}]},{"@type":"WebSite","@id":"https:\/\/novo.bz\/#website","url":"https:\/\/novo.bz\/","name":"Novo Market Bio &amp; Lose Sfuso","description":"Zero Waste Bio-Supermarket","publisher":{"@id":"https:\/\/novo.bz\/#organization"},"potentialAction":[{"@type":"SearchAction","target":{"@type":"EntryPoint","urlTemplate":"https:\/\/novo.bz\/?s={search_term_string}"},"query-input":{"@type":"PropertyValueSpecification","valueRequired":true,"valueName":"search_term_string"}}],"inLanguage":"it-IT"},{"@type":"Organization","@id":"https:\/\/novo.bz\/#organization","name":"Novo Zero Waste Market Online Shop Sfuso Unverpackt","url":"https:\/\/novo.bz\/","logo":{"@type":"ImageObject","inLanguage":"it-IT","@id":"https:\/\/novo.bz\/#\/schema\/logo\/image\/","url":"https:\/\/novo.bz\/wp-content\/uploads\/Novo-Logo.png","contentUrl":"https:\/\/novo.bz\/wp-content\/uploads\/Novo-Logo.png","width":300,"height":221,"caption":"Novo Zero Waste Market Online Shop Sfuso Unverpackt"},"image":{"@id":"https:\/\/novo.bz\/#\/schema\/logo\/image\/"},"sameAs":["https:\/\/www.facebook.com\/novobz\/","https:\/\/www.instagram.com\/novo.bz.bio.market.sfuso\/"]}]}},"_links":{"self":[{"href":"https:\/\/novo.bz\/it\/wp-json\/wp\/v2\/pages\/937"}],"collection":[{"href":"https:\/\/novo.bz\/it\/wp-json\/wp\/v2\/pages"}],"about":[{"href":"https:\/\/novo.bz\/it\/wp-json\/wp\/v2\/types\/page"}],"author":[{"embeddable":true,"href":"https:\/\/novo.bz\/it\/wp-json\/wp\/v2\/users\/61"}],"replies":[{"embeddable":true,"href":"https:\/\/novo.bz\/it\/wp-json\/wp\/v2\/comments?post=937"}],"version-history":[{"count":5,"href":"https:\/\/novo.bz\/it\/wp-json\/wp\/v2\/pages\/937\/revisions"}],"predecessor-version":[{"id":5066,"href":"https:\/\/novo.bz\/it\/wp-json\/wp\/v2\/pages\/937\/revisions\/5066"}],"wp:attachment":[{"href":"https:\/\/novo.bz\/it\/wp-json\/wp\/v2\/media?parent=937"}],"curies":[{"name":"wp","href":"https:\/\/api.w.org\/{rel}","templated":true}]}}