{"id":2116,"date":"2021-02-02T13:18:51","date_gmt":"2021-02-02T11:18:51","guid":{"rendered":"https:\/\/novo.bz\/?page_id=2116"},"modified":"2021-02-10T13:07:53","modified_gmt":"2021-02-10T11:07:53","slug":"mamme-e-bambini","status":"publish","type":"page","link":"https:\/\/novo.bz\/it\/prodotti\/mamme-e-bambini\/","title":{"rendered":"Mamme e bambini"},"content":{"rendered":"<p>[et_pb_section fb_built=&#8221;1&#8243; _builder_version=&#8221;4.4.3&#8243; background_color=&#8221;rgba(252,199,82,0.8)&#8221; custom_margin=&#8221;|20px|20px|20px|false|true&#8221; custom_margin_tablet=&#8221;&#8221; custom_margin_phone=&#8221;|5px|20px|5px|false|true&#8221; custom_margin_last_edited=&#8221;on|phone&#8221; custom_padding=&#8221;0px|10px|0px|10px|false|false&#8221; border_color_all=&#8221;#fcc752&#8243;][et_pb_row _builder_version=&#8221;4.4.3&#8243; width_tablet=&#8221;&#8221; width_phone=&#8221;100%&#8221; width_last_edited=&#8221;on|phone&#8221;][et_pb_column type=&#8221;4_4&#8243; _builder_version=&#8221;4.0.9&#8243;][et_pb_text _builder_version=&#8221;4.8.1&#8243; header_font=&#8221;|800|||||||&#8221; header_text_color=&#8221;#ffffff&#8221; header_2_font=&#8221;|800|||||||&#8221; header_2_text_color=&#8221;#766261&#8243; custom_margin=&#8221;||0px||false|false&#8221; custom_padding=&#8221;5px||0px||false|false&#8221;]<\/p>\n<h1>Mamme e bambini<\/h1>\n<p>[\/et_pb_text][et_pb_divider color=&#8221;#ffffff&#8221; divider_position=&#8221;center&#8221; divider_weight=&#8221;4px&#8221; _builder_version=&#8221;4.4.3&#8243; width=&#8221;32px&#8221; module_alignment=&#8221;left&#8221; custom_margin=&#8221;||0px||false|false&#8221; custom_padding=&#8221;||||false|false&#8221;][\/et_pb_divider][\/et_pb_column][\/et_pb_row][\/et_pb_section][et_pb_section fb_built=&#8221;1&#8243; _builder_version=&#8221;4.7.7&#8243; custom_margin_tablet=&#8221;&#8221; custom_margin_phone=&#8221;|5px||5px|false|true&#8221; custom_margin_last_edited=&#8221;on|phone&#8221; custom_padding=&#8221;0px|10px|0px|10px|false|true&#8221;][et_pb_row column_structure=&#8221;1_2,1_2&#8243; use_custom_gutter=&#8221;on&#8221; gutter_width=&#8221;2&#8243; make_equal=&#8221;on&#8221; _builder_version=&#8221;4.0.9&#8243; custom_css_main_element=&#8221;align-items: center;&#8221;][et_pb_column type=&#8221;1_2&#8243; _builder_version=&#8221;4.0.9&#8243;][et_pb_blurb url_new_window=&#8221;on&#8221; image=&#8221;https:\/\/novo.bz\/wp-content\/uploads\/2020\/04\/Prodotti-prima-infanzia-sostenibili.jpg&#8221; module_class=&#8221;blurbtastic&#8221; _builder_version=&#8221;4.8.1&#8243; header_text_align=&#8221;center&#8221; header_text_color=&#8221;#ffffff&#8221; header_font_size=&#8221;15px&#8221; background_image=&#8221;https:\/\/novo.bz\/wp-content\/uploads\/2020\/04\/Prodotti-prima-infanzia-sostenibili.jpg&#8221; animation_style=&#8221;slide&#8221; animation_direction=&#8221;bottom&#8221; animation_intensity_slide=&#8221;10%&#8221;][\/et_pb_blurb][\/et_pb_column][et_pb_column type=&#8221;1_2&#8243; _builder_version=&#8221;4.0.9&#8243; custom_css_main_element=&#8221;margin:auto&#8221;][et_pb_text _builder_version=&#8221;4.8.1&#8243; _module_preset=&#8221;default&#8221;]<\/p>\n<p>Che periodo intenso, eccitante, gioioso (almeno ce lo auguriamo tutti), la gravidanza, la nascita e il tempo con il bambino&#8230; Da noi trovi prodotti per la gravidanza, per l&#8217;allattamento, per il bambino e molto di pi\u00f9. Dai un&#8217;occhiata &#8211; nei negozi Novo o online.<\/p>\n<p>[\/et_pb_text][\/et_pb_column][\/et_pb_row][\/et_pb_section][et_pb_section fb_built=&#8221;1&#8243; _builder_version=&#8221;4.4.3&#8243; background_color=&#8221;#dfcdb7&#8243; background_enable_image=&#8221;off&#8221; min_height=&#8221;350px&#8221; custom_margin=&#8221;20px|20px|20px|20px|true|true&#8221; custom_margin_tablet=&#8221;&#8221; custom_margin_phone=&#8221;5px|5px|5px|5px|true|true&#8221; custom_margin_last_edited=&#8221;on|phone&#8221; custom_padding=&#8221;|10px||10px|false|true&#8221;][et_pb_row _builder_version=&#8221;4.4.3&#8243; width_tablet=&#8221;&#8221; width_phone=&#8221;100%&#8221; width_last_edited=&#8221;on|phone&#8221;][et_pb_column type=&#8221;4_4&#8243; _builder_version=&#8221;4.0.9&#8243;][et_pb_text _builder_version=&#8221;4.0.9&#8243; header_font=&#8221;|800|||||||&#8221; header_2_font=&#8221;|800|||||||&#8221; header_2_text_color=&#8221;#766261&#8243; text_orientation=&#8221;center&#8221; custom_margin=&#8221;||0px||false|false&#8221; custom_padding=&#8221;||0px||false|false&#8221;]<\/p>\n<h2>Negozio Online<\/h2>\n<p>[\/et_pb_text][et_pb_divider color=&#8221;#766261&#8243; divider_position=&#8221;center&#8221; divider_weight=&#8221;4px&#8221; _builder_version=&#8221;4.0.9&#8243; width=&#8221;32px&#8221; module_alignment=&#8221;center&#8221; custom_margin=&#8221;||0px||false|false&#8221; custom_padding=&#8221;||||false|false&#8221;][\/et_pb_divider][et_pb_text _builder_version=&#8221;4.0.9&#8243; text_text_color=&#8221;#766261&#8243; text_orientation=&#8221;center&#8221; custom_margin=&#8221;||||false|false&#8221; custom_padding=&#8221;||||false|false&#8221;]<\/p>\n<p>Nel nostro negozio online shop.novo.bz \u00e8 gi\u00e0 possibile acquistare alcuni prodotti online. Tuttavia, desideriamo sottolineare che il nostro negozio online non \u00e8 ancora completo e che siamo in procinto di ampliarlo, questo potrebbe richiedere ancora un po&#8217; di tempo ?<\/p>\n<p>[\/et_pb_text][et_pb_button button_url=&#8221;https:\/\/shop.novo.bz\/it\/&#8221; button_text=&#8221;Vai al negozio online&#8221; button_alignment=&#8221;center&#8221; _builder_version=&#8221;4.7.7&#8243; custom_button=&#8221;on&#8221; button_text_size=&#8221;17px&#8221; button_text_color=&#8221;#766261&#8243; button_border_color=&#8221;#766261&#8243;][\/et_pb_button][\/et_pb_column][\/et_pb_row][\/et_pb_section][et_pb_section fb_built=&#8221;1&#8243; _builder_version=&#8221;4.4.3&#8243; custom_margin=&#8221;|20px|20px|20px|false|true&#8221; custom_margin_tablet=&#8221;&#8221; custom_margin_phone=&#8221;|5px|5px|5px|false|true&#8221; custom_margin_last_edited=&#8221;on|phone&#8221; custom_padding=&#8221;0px|10px|0px|10px|false|true&#8221; animation_style=&#8221;fade&#8221;][et_pb_row _builder_version=&#8221;4.8.1&#8243; _dynamic_attributes=&#8221;link_option_url&#8221; width_tablet=&#8221;&#8221; width_phone=&#8221;100%&#8221; width_last_edited=&#8221;on|phone&#8221; link_option_url=&#8221;@ET-DC@eyJkeW5hbWljIjp0cnVlLCJjb250ZW50IjoicG9zdF9saW5rX3VybF9wYWdlIiwic2V0dGluZ3MiOnsicG9zdF9pZCI6IjQ1MyJ9fQ==@&#8221;][et_pb_column type=&#8221;4_4&#8243; _builder_version=&#8221;4.8.1&#8243; _dynamic_attributes=&#8221;link_option_url&#8221; link_option_url=&#8221;@ET-DC@eyJkeW5hbWljIjp0cnVlLCJjb250ZW50IjoicG9zdF9saW5rX3VybF9wYWdlIiwic2V0dGluZ3MiOnsicG9zdF9pZCI6IjQ1MyJ9fQ==@&#8221;][et_pb_text _builder_version=&#8221;4.8.1&#8243; header_font=&#8221;|800|||||||&#8221; header_2_font=&#8221;|800|||||||&#8221; custom_margin=&#8221;||0px||false|false&#8221; custom_padding=&#8221;||0px||false|false&#8221; text_orientation_tablet=&#8221;center&#8221; text_orientation_phone=&#8221;center&#8221; text_orientation_last_edited=&#8221;on|phone&#8221;]<\/p>\n<h2>Torna ai Prodotti<\/h2>\n<p>[\/et_pb_text][et_pb_blurb use_icon=&#8221;on&#8221; font_icon=&#8221;%%2%%&#8221; icon_placement=&#8221;left&#8221; content_max_width=&#8221;100%&#8221; use_icon_font_size=&#8221;on&#8221; icon_font_size=&#8221;43px&#8221; font_icon_tablet=&#8221;%%2%%&#8221; font_icon_phone=&#8221;%%2%%&#8221; font_icon_last_edited=&#8221;on|desktop&#8221; icon_placement_tablet=&#8221;top&#8221; icon_placement_phone=&#8221;top&#8221; icon_placement_last_edited=&#8221;on|desktop&#8221; icon_alignment_tablet=&#8221;center&#8221; icon_alignment_phone=&#8221;center&#8221; icon_alignment_last_edited=&#8221;on|tablet&#8221; _builder_version=&#8221;4.8.1&#8243; _dynamic_attributes=&#8221;link_option_url&#8221; link_option_url=&#8221;@ET-DC@eyJkeW5hbWljIjp0cnVlLCJjb250ZW50IjoicG9zdF9saW5rX3VybF9wYWdlIiwic2V0dGluZ3MiOnsicG9zdF9pZCI6IjQ1MyJ9fQ==@&#8221;][\/et_pb_blurb][\/et_pb_column][\/et_pb_row][\/et_pb_section]<\/p>\n","protected":false},"excerpt":{"rendered":"<p>Mamme e bambiniChe periodo intenso, eccitante, gioioso (almeno ce lo auguriamo tutti), la gravidanza, la nascita e il tempo con il bambino&#8230; Da noi trovi prodotti per la gravidanza, per l&#8217;allattamento, per il bambino e molto di pi\u00f9. Dai un&#8217;occhiata &#8211; nei negozi Novo o online.Negozio OnlineNel nostro negozio online shop.novo.bz \u00e8 gi\u00e0 possibile acquistare alcuni prodotti online. Tuttavia, desideriamo sottolineare che il nostro negozio online non \u00e8 ancora completo e che siamo in procinto di ampliarlo, questo potrebbe richiedere ancora un po&#8217; di tempo ?Torna ai Prodotti<\/p>\n","protected":false},"author":61,"featured_media":0,"parent":967,"menu_order":0,"comment_status":"closed","ping_status":"closed","template":"","meta":{"_et_pb_use_builder":"on","_et_pb_old_content":"","_et_gb_content_width":"","footnotes":""},"class_list":["post-2116","page","type-page","status-publish","hentry"],"yoast_head":"<!-- This site is optimized with the Yoast SEO plugin v25.6 - https:\/\/yoast.com\/wordpress\/plugins\/seo\/ -->\n<title>Mamme e bambini - Novo Market Bio &amp; Lose Sfuso<\/title>\n<meta name=\"robots\" content=\"index, follow, max-snippet:-1, max-image-preview:large, max-video-preview:-1\" \/>\n<link rel=\"canonical\" href=\"https:\/\/novo.bz\/produkte\/mutter-kind\/\" \/>\n<meta property=\"og:locale\" content=\"it_IT\" \/>\n<meta property=\"og:type\" content=\"article\" \/>\n<meta property=\"og:title\" content=\"Mamme e bambini - Novo Market Bio &amp; Lose Sfuso\" \/>\n<meta property=\"og:description\" content=\"Mamme e bambiniChe periodo intenso, eccitante, gioioso (almeno ce lo auguriamo tutti), la gravidanza, la nascita e il tempo con il bambino... Da noi trovi prodotti per la gravidanza, per l&#039;allattamento, per il bambino e molto di pi\u00f9. Dai un&#039;occhiata - nei negozi Novo o online.Negozio OnlineNel nostro negozio online shop.novo.bz \u00e8 gi\u00e0 possibile acquistare alcuni prodotti online. Tuttavia, desideriamo sottolineare che il nostro negozio online non \u00e8 ancora completo e che siamo in procinto di ampliarlo, questo potrebbe richiedere ancora un po&#039; di tempo ?Torna ai Prodotti\" \/>\n<meta property=\"og:url\" content=\"https:\/\/novo.bz\/produkte\/mutter-kind\/\" \/>\n<meta property=\"og:site_name\" content=\"Novo Market Bio &amp; Lose Sfuso\" \/>\n<meta property=\"article:publisher\" content=\"https:\/\/www.facebook.com\/novobz\/\" \/>\n<meta property=\"article:modified_time\" content=\"2021-02-10T11:07:53+00:00\" \/>\n<meta name=\"twitter:label1\" content=\"Tempo di lettura stimato\" \/>\n\t<meta name=\"twitter:data1\" content=\"4 minuti\" \/>\n<script type=\"application\/ld+json\" class=\"yoast-schema-graph\">{\"@context\":\"https:\/\/schema.org\",\"@graph\":[{\"@type\":\"WebPage\",\"@id\":\"https:\/\/novo.bz\/produkte\/mutter-kind\/\",\"url\":\"https:\/\/novo.bz\/produkte\/mutter-kind\/\",\"name\":\"Mamme e bambini - Novo Market Bio &amp; Lose Sfuso\",\"isPartOf\":{\"@id\":\"https:\/\/novo.bz\/#website\"},\"datePublished\":\"2021-02-02T11:18:51+00:00\",\"dateModified\":\"2021-02-10T11:07:53+00:00\",\"breadcrumb\":{\"@id\":\"https:\/\/novo.bz\/produkte\/mutter-kind\/#breadcrumb\"},\"inLanguage\":\"it-IT\",\"potentialAction\":[{\"@type\":\"ReadAction\",\"target\":[\"https:\/\/novo.bz\/produkte\/mutter-kind\/\"]}]},{\"@type\":\"BreadcrumbList\",\"@id\":\"https:\/\/novo.bz\/produkte\/mutter-kind\/#breadcrumb\",\"itemListElement\":[{\"@type\":\"ListItem\",\"position\":1,\"name\":\"Startseite\",\"item\":\"https:\/\/novo.bz\/\"},{\"@type\":\"ListItem\",\"position\":2,\"name\":\"Prodotti\",\"item\":\"https:\/\/novo.bz\/it\/\"},{\"@type\":\"ListItem\",\"position\":3,\"name\":\"Mamme e bambini\"}]},{\"@type\":\"WebSite\",\"@id\":\"https:\/\/novo.bz\/#website\",\"url\":\"https:\/\/novo.bz\/\",\"name\":\"Novo Market Bio &amp; Lose Sfuso\",\"description\":\"Zero Waste Bio-Supermarket\",\"publisher\":{\"@id\":\"https:\/\/novo.bz\/#organization\"},\"potentialAction\":[{\"@type\":\"SearchAction\",\"target\":{\"@type\":\"EntryPoint\",\"urlTemplate\":\"https:\/\/novo.bz\/?s={search_term_string}\"},\"query-input\":{\"@type\":\"PropertyValueSpecification\",\"valueRequired\":true,\"valueName\":\"search_term_string\"}}],\"inLanguage\":\"it-IT\"},{\"@type\":\"Organization\",\"@id\":\"https:\/\/novo.bz\/#organization\",\"name\":\"Novo Zero Waste Market Online Shop Sfuso Unverpackt\",\"url\":\"https:\/\/novo.bz\/\",\"logo\":{\"@type\":\"ImageObject\",\"inLanguage\":\"it-IT\",\"@id\":\"https:\/\/novo.bz\/#\/schema\/logo\/image\/\",\"url\":\"https:\/\/novo.bz\/wp-content\/uploads\/Novo-Logo.png\",\"contentUrl\":\"https:\/\/novo.bz\/wp-content\/uploads\/Novo-Logo.png\",\"width\":300,\"height\":221,\"caption\":\"Novo Zero Waste Market Online Shop Sfuso Unverpackt\"},\"image\":{\"@id\":\"https:\/\/novo.bz\/#\/schema\/logo\/image\/\"},\"sameAs\":[\"https:\/\/www.facebook.com\/novobz\/\",\"https:\/\/www.instagram.com\/novo.bz.bio.market.sfuso\/\"]}]}<\/script>\n<!-- \/ Yoast SEO plugin. -->","yoast_head_json":{"title":"Mamme e bambini - Novo Market Bio &amp; Lose Sfuso","robots":{"index":"index","follow":"follow","max-snippet":"max-snippet:-1","max-image-preview":"max-image-preview:large","max-video-preview":"max-video-preview:-1"},"canonical":"https:\/\/novo.bz\/produkte\/mutter-kind\/","og_locale":"it_IT","og_type":"article","og_title":"Mamme e bambini - Novo Market Bio &amp; Lose Sfuso","og_description":"Mamme e bambiniChe periodo intenso, eccitante, gioioso (almeno ce lo auguriamo tutti), la gravidanza, la nascita e il tempo con il bambino... Da noi trovi prodotti per la gravidanza, per l'allattamento, per il bambino e molto di pi\u00f9. Dai un'occhiata - nei negozi Novo o online.Negozio OnlineNel nostro negozio online shop.novo.bz \u00e8 gi\u00e0 possibile acquistare alcuni prodotti online. Tuttavia, desideriamo sottolineare che il nostro negozio online non \u00e8 ancora completo e che siamo in procinto di ampliarlo, questo potrebbe richiedere ancora un po' di tempo ?Torna ai Prodotti","og_url":"https:\/\/novo.bz\/produkte\/mutter-kind\/","og_site_name":"Novo Market Bio &amp; Lose Sfuso","article_publisher":"https:\/\/www.facebook.com\/novobz\/","article_modified_time":"2021-02-10T11:07:53+00:00","twitter_misc":{"Tempo di lettura stimato":"4 minuti"},"schema":{"@context":"https:\/\/schema.org","@graph":[{"@type":"WebPage","@id":"https:\/\/novo.bz\/produkte\/mutter-kind\/","url":"https:\/\/novo.bz\/produkte\/mutter-kind\/","name":"Mamme e bambini - Novo Market Bio &amp; Lose Sfuso","isPartOf":{"@id":"https:\/\/novo.bz\/#website"},"datePublished":"2021-02-02T11:18:51+00:00","dateModified":"2021-02-10T11:07:53+00:00","breadcrumb":{"@id":"https:\/\/novo.bz\/produkte\/mutter-kind\/#breadcrumb"},"inLanguage":"it-IT","potentialAction":[{"@type":"ReadAction","target":["https:\/\/novo.bz\/produkte\/mutter-kind\/"]}]},{"@type":"BreadcrumbList","@id":"https:\/\/novo.bz\/produkte\/mutter-kind\/#breadcrumb","itemListElement":[{"@type":"ListItem","position":1,"name":"Startseite","item":"https:\/\/novo.bz\/"},{"@type":"ListItem","position":2,"name":"Prodotti","item":"https:\/\/novo.bz\/it\/"},{"@type":"ListItem","position":3,"name":"Mamme e bambini"}]},{"@type":"WebSite","@id":"https:\/\/novo.bz\/#website","url":"https:\/\/novo.bz\/","name":"Novo Market Bio &amp; Lose Sfuso","description":"Zero Waste Bio-Supermarket","publisher":{"@id":"https:\/\/novo.bz\/#organization"},"potentialAction":[{"@type":"SearchAction","target":{"@type":"EntryPoint","urlTemplate":"https:\/\/novo.bz\/?s={search_term_string}"},"query-input":{"@type":"PropertyValueSpecification","valueRequired":true,"valueName":"search_term_string"}}],"inLanguage":"it-IT"},{"@type":"Organization","@id":"https:\/\/novo.bz\/#organization","name":"Novo Zero Waste Market Online Shop Sfuso Unverpackt","url":"https:\/\/novo.bz\/","logo":{"@type":"ImageObject","inLanguage":"it-IT","@id":"https:\/\/novo.bz\/#\/schema\/logo\/image\/","url":"https:\/\/novo.bz\/wp-content\/uploads\/Novo-Logo.png","contentUrl":"https:\/\/novo.bz\/wp-content\/uploads\/Novo-Logo.png","width":300,"height":221,"caption":"Novo Zero Waste Market Online Shop Sfuso Unverpackt"},"image":{"@id":"https:\/\/novo.bz\/#\/schema\/logo\/image\/"},"sameAs":["https:\/\/www.facebook.com\/novobz\/","https:\/\/www.instagram.com\/novo.bz.bio.market.sfuso\/"]}]}},"_links":{"self":[{"href":"https:\/\/novo.bz\/it\/wp-json\/wp\/v2\/pages\/2116"}],"collection":[{"href":"https:\/\/novo.bz\/it\/wp-json\/wp\/v2\/pages"}],"about":[{"href":"https:\/\/novo.bz\/it\/wp-json\/wp\/v2\/types\/page"}],"author":[{"embeddable":true,"href":"https:\/\/novo.bz\/it\/wp-json\/wp\/v2\/users\/61"}],"replies":[{"embeddable":true,"href":"https:\/\/novo.bz\/it\/wp-json\/wp\/v2\/comments?post=2116"}],"version-history":[{"count":5,"href":"https:\/\/novo.bz\/it\/wp-json\/wp\/v2\/pages\/2116\/revisions"}],"predecessor-version":[{"id":2499,"href":"https:\/\/novo.bz\/it\/wp-json\/wp\/v2\/pages\/2116\/revisions\/2499"}],"up":[{"embeddable":true,"href":"https:\/\/novo.bz\/it\/wp-json\/wp\/v2\/pages\/967"}],"wp:attachment":[{"href":"https:\/\/novo.bz\/it\/wp-json\/wp\/v2\/media?parent=2116"}],"curies":[{"name":"wp","href":"https:\/\/api.w.org\/{rel}","templated":true}]}}