{"id":1858,"date":"2021-02-10T09:27:35","date_gmt":"2021-02-10T07:27:35","guid":{"rendered":"https:\/\/novo.bz\/?page_id=1858"},"modified":"2021-02-11T09:43:26","modified_gmt":"2021-02-11T07:43:26","slug":"b2b-allingrosso","status":"publish","type":"page","link":"https:\/\/novo.bz\/it\/partner-commerciali\/b2b-allingrosso\/","title":{"rendered":"B2B \u2013 All\u2019ingrosso"},"content":{"rendered":"<p>[et_pb_section fb_built=&#8221;1&#8243; _builder_version=&#8221;4.4.3&#8243; background_color=&#8221;#aab78f&#8221; custom_margin=&#8221;|20px|20px|20px|false|true&#8221; custom_margin_tablet=&#8221;&#8221; custom_margin_phone=&#8221;|5px|5px|5px|false|true&#8221; custom_margin_last_edited=&#8221;on|phone&#8221; custom_padding=&#8221;0px|10px|0px|10px|false|true&#8221; border_color_all=&#8221;#fcc752&#8243;][et_pb_row _builder_version=&#8221;4.0.9&#8243; width_tablet=&#8221;&#8221; width_phone=&#8221;100%&#8221; width_last_edited=&#8221;on|phone&#8221;][et_pb_column type=&#8221;4_4&#8243; _builder_version=&#8221;4.0.9&#8243;][et_pb_text _builder_version=&#8221;4.4.3&#8243; header_font=&#8221;|800|||||||&#8221; header_text_color=&#8221;#ffffff&#8221; header_2_font=&#8221;|800|||||||&#8221; background_layout=&#8221;dark&#8221; custom_margin=&#8221;||0px||false|false&#8221; custom_padding=&#8221;5px||0px||false|false&#8221;]<\/p>\n<h1>B2B \u2013 All\u2019ingrosso<\/h1>\n<p>[\/et_pb_text][et_pb_divider color=&#8221;#ffffff&#8221; divider_position=&#8221;center&#8221; divider_weight=&#8221;4px&#8221; _builder_version=&#8221;4.4.3&#8243; width=&#8221;32px&#8221; module_alignment=&#8221;left&#8221; custom_margin=&#8221;||0px||false|false&#8221; custom_padding=&#8221;||||false|false&#8221;][\/et_pb_divider][\/et_pb_column][\/et_pb_row][\/et_pb_section][et_pb_section fb_built=&#8221;1&#8243; module_id=&#8221;B2B&#8221; _builder_version=&#8221;4.4.3&#8243; custom_margin=&#8221;|20px|20px|20px|false|true&#8221; custom_margin_tablet=&#8221;&#8221; custom_margin_phone=&#8221;|5px|5px|5px|false|true&#8221; custom_margin_last_edited=&#8221;on|phone&#8221; custom_padding=&#8221;0px|10px|0px|10px|false|true&#8221;][et_pb_row _builder_version=&#8221;4.4.3&#8243; width_tablet=&#8221;&#8221; width_phone=&#8221;100%&#8221; width_last_edited=&#8221;on|phone&#8221;][et_pb_column type=&#8221;4_4&#8243; _builder_version=&#8221;4.4.3&#8243;][et_pb_text _builder_version=&#8221;4.8.1&#8243;]<\/p>\n<p>Noi \u2013 Novo bio &amp; sfuso \u2013 siamo grossisti e vi forniamo prodotti alimentari e non food sostenibili, biologici, se possibile senza imballaggio e sfusi per la vostra attivit\u00e0.<\/p>\n<p>[\/et_pb_text][\/et_pb_column][\/et_pb_row][et_pb_row _builder_version=&#8221;4.4.3&#8243; width_tablet=&#8221;&#8221; width_phone=&#8221;100%&#8221; width_last_edited=&#8221;on|phone&#8221;][et_pb_column type=&#8221;4_4&#8243; _builder_version=&#8221;4.4.3&#8243;][et_pb_text _builder_version=&#8221;4.8.1&#8243; hover_enabled=&#8221;0&#8243; sticky_enabled=&#8221;0&#8243;]<\/p>\n<p>Nel nostro assortimento non alimentare abbiamo pi\u00f9 di 500 articoli, per i quali il nostro focus principale \u00e8 sui prodotti senza plastica e sostenibili. Alcuni esempi: saponi per capelli solidi, spazzolini da denti senza plastica o meglio in bamb\u00fa, pannolini di stoffa, tutto il necessario per l\u2019igiene mensile della donna, ed abbiamo molto di pi\u00f9.<\/p>\n<p>Il nostro assortimento di prodotti alimentari comprende oltre 500 prodotti biologici certificati, adatti alla vendita senza imballaggio, che forniamo nella quantit\u00e0 necessaria per il vostro negozio.<\/p>\n<p>Sul nostro \u00a0<a href=\"https:\/\/b2b.novo.bz\/\">shop online B2B<\/a> \u00e8 possibile sfogliare la nostra gamma di prodotti. Per informazioni pi\u00f9 dettagliate dovete registrarvi e attiveremo il vostro profilo il prima possibile.<\/p>\n<p>[\/et_pb_text][\/et_pb_column][\/et_pb_row][\/et_pb_section][et_pb_section fb_built=&#8221;1&#8243; _builder_version=&#8221;4.0.9&#8243; custom_margin=&#8221;|20px|20px|20px|false|true&#8221; custom_margin_tablet=&#8221;&#8221; custom_margin_phone=&#8221;|5px|5px|5px|false|true&#8221; custom_margin_last_edited=&#8221;on|phone&#8221; custom_padding=&#8221;0px|10px|0px|10px|false|true&#8221;][et_pb_row _builder_version=&#8221;4.0.9&#8243; width_tablet=&#8221;&#8221; width_phone=&#8221;100%&#8221; width_last_edited=&#8221;on|phone&#8221;][et_pb_column type=&#8221;4_4&#8243; _builder_version=&#8221;4.0.9&#8243;][et_pb_text _builder_version=&#8221;4.4.3&#8243; header_font=&#8221;|800|||||||&#8221; header_2_font=&#8221;|800|||||||&#8221; custom_margin=&#8221;||0px||false|false&#8221; custom_padding=&#8221;||0px||false|false&#8221;]<\/p>\n<h2>Per ulteriori informazioni<\/h2>\n<p>[\/et_pb_text][et_pb_divider divider_position=&#8221;center&#8221; divider_weight=&#8221;4px&#8221; _builder_version=&#8221;4.0.9&#8243; width=&#8221;32px&#8221; module_alignment=&#8221;left&#8221; custom_margin=&#8221;||0px||false|false&#8221; custom_padding=&#8221;||||false|false&#8221;][\/et_pb_divider][et_pb_text _builder_version=&#8221;4.8.1&#8243; hover_enabled=&#8221;0&#8243; sticky_enabled=&#8221;0&#8243;]<\/p>\n<p>Se avete domande, potete anche contattarci all\u2019indirizzo \u00a0<a href=\"mailto:shop@novo.bz\">shop@novo.bz<\/a>.<\/p>\n<p>[\/et_pb_text][\/et_pb_column][\/et_pb_row][et_pb_row _builder_version=&#8221;4.0.9&#8243; width_tablet=&#8221;&#8221; width_phone=&#8221;100%&#8221; width_last_edited=&#8221;on|phone&#8221;][et_pb_column type=&#8221;4_4&#8243; _builder_version=&#8221;4.0.9&#8243;][et_pb_contact_form use_spam_service=&#8221;on&#8221; recaptcha_list=&#8221;Novo-0&#8243; email=&#8221;shop@novo.bz&#8221; custom_message=&#8221;Hallo, ||et_pb_line_break_holder||soeben habt ihr eine neue Nachricht \u00fcber das Kontaktformular der Novo-Webseite erhalten:||et_pb_line_break_holder||||et_pb_line_break_holder||Name:  %%Name%%||et_pb_line_break_holder||E-Mail: %%Email%%||et_pb_line_break_holder||Telefonnummer:%%Telefonnummer%%||et_pb_line_break_holder||Nachricht: %%Nachricht%%&#8221; success_message=&#8221;Il tuo messaggio \u00e8 stato inviato con successo. Grazie mille!&#8221; submit_button_text=&#8221;Invia&#8221; _builder_version=&#8221;3.16&#8243; form_field_font=&#8221;Lato||||||||&#8221; custom_button=&#8221;on&#8221; button_text_size=&#8221;17px&#8221; global_module=&#8221;623&#8243; saved_tabs=&#8221;all&#8221;][et_pb_contact_field field_id=&#8221;Name&#8221; field_title=&#8221;Nome&#8221; _builder_version=&#8221;3.16&#8243; button_text_size__hover_enabled=&#8221;off&#8221; button_one_text_size__hover_enabled=&#8221;off&#8221; button_two_text_size__hover_enabled=&#8221;off&#8221; button_text_color__hover_enabled=&#8221;off&#8221; button_one_text_color__hover_enabled=&#8221;off&#8221; button_two_text_color__hover_enabled=&#8221;off&#8221; button_border_width__hover_enabled=&#8221;off&#8221; button_one_border_width__hover_enabled=&#8221;off&#8221; button_two_border_width__hover_enabled=&#8221;off&#8221; button_border_color__hover_enabled=&#8221;off&#8221; button_one_border_color__hover_enabled=&#8221;off&#8221; button_two_border_color__hover_enabled=&#8221;off&#8221; button_border_radius__hover_enabled=&#8221;off&#8221; button_one_border_radius__hover_enabled=&#8221;off&#8221; button_two_border_radius__hover_enabled=&#8221;off&#8221; button_letter_spacing__hover_enabled=&#8221;off&#8221; button_one_letter_spacing__hover_enabled=&#8221;off&#8221; button_two_letter_spacing__hover_enabled=&#8221;off&#8221; button_bg_color__hover_enabled=&#8221;off&#8221; button_one_bg_color__hover_enabled=&#8221;off&#8221; button_two_bg_color__hover_enabled=&#8221;off&#8221;][\/et_pb_contact_field][et_pb_contact_field field_id=&#8221;Telefonnummer&#8221; field_title=&#8221;Numero di telefono&#8221; allowed_symbols=&#8221;numbers&#8221; _builder_version=&#8221;4.4.4&#8243;][\/et_pb_contact_field][et_pb_contact_field field_id=&#8221;Email&#8221; field_title=&#8221;Indirizzo e-mail&#8221; field_type=&#8221;email&#8221; fullwidth_field=&#8221;on&#8221; _builder_version=&#8221;4.4.4&#8243; button_text_size__hover_enabled=&#8221;off&#8221; button_one_text_size__hover_enabled=&#8221;off&#8221; button_two_text_size__hover_enabled=&#8221;off&#8221; button_text_color__hover_enabled=&#8221;off&#8221; button_one_text_color__hover_enabled=&#8221;off&#8221; button_two_text_color__hover_enabled=&#8221;off&#8221; button_border_width__hover_enabled=&#8221;off&#8221; button_one_border_width__hover_enabled=&#8221;off&#8221; button_two_border_width__hover_enabled=&#8221;off&#8221; button_border_color__hover_enabled=&#8221;off&#8221; button_one_border_color__hover_enabled=&#8221;off&#8221; button_two_border_color__hover_enabled=&#8221;off&#8221; button_border_radius__hover_enabled=&#8221;off&#8221; button_one_border_radius__hover_enabled=&#8221;off&#8221; button_two_border_radius__hover_enabled=&#8221;off&#8221; button_letter_spacing__hover_enabled=&#8221;off&#8221; button_one_letter_spacing__hover_enabled=&#8221;off&#8221; button_two_letter_spacing__hover_enabled=&#8221;off&#8221; button_bg_color__hover_enabled=&#8221;off&#8221; button_one_bg_color__hover_enabled=&#8221;off&#8221; button_two_bg_color__hover_enabled=&#8221;off&#8221;][\/et_pb_contact_field][et_pb_contact_field field_id=&#8221;Nachricht&#8221; field_title=&#8221;Messaggio&#8221; field_type=&#8221;text&#8221; fullwidth_field=&#8221;on&#8221; _builder_version=&#8221;4.0.9&#8243; button_text_size__hover_enabled=&#8221;off&#8221; button_one_text_size__hover_enabled=&#8221;off&#8221; button_two_text_size__hover_enabled=&#8221;off&#8221; button_text_color__hover_enabled=&#8221;off&#8221; button_one_text_color__hover_enabled=&#8221;off&#8221; button_two_text_color__hover_enabled=&#8221;off&#8221; button_border_width__hover_enabled=&#8221;off&#8221; button_one_border_width__hover_enabled=&#8221;off&#8221; button_two_border_width__hover_enabled=&#8221;off&#8221; button_border_color__hover_enabled=&#8221;off&#8221; button_one_border_color__hover_enabled=&#8221;off&#8221; button_two_border_color__hover_enabled=&#8221;off&#8221; button_border_radius__hover_enabled=&#8221;off&#8221; button_one_border_radius__hover_enabled=&#8221;off&#8221; button_two_border_radius__hover_enabled=&#8221;off&#8221; button_letter_spacing__hover_enabled=&#8221;off&#8221; button_one_letter_spacing__hover_enabled=&#8221;off&#8221; button_two_letter_spacing__hover_enabled=&#8221;off&#8221; button_bg_color__hover_enabled=&#8221;off&#8221; button_one_bg_color__hover_enabled=&#8221;off&#8221; button_two_bg_color__hover_enabled=&#8221;off&#8221;][\/et_pb_contact_field][\/et_pb_contact_form][\/et_pb_column][\/et_pb_row][\/et_pb_section][et_pb_section fb_built=&#8221;1&#8243; _builder_version=&#8221;4.4.3&#8243; custom_margin=&#8221;|20px|20px|20px|false|true&#8221; custom_margin_tablet=&#8221;&#8221; custom_margin_phone=&#8221;|5px|5px|5px|false|true&#8221; custom_margin_last_edited=&#8221;on|phone&#8221; custom_padding=&#8221;0px|10px|0px|10px|false|true&#8221; animation_style=&#8221;fade&#8221;][et_pb_row _builder_version=&#8221;4.4.3&#8243; width_tablet=&#8221;&#8221; width_phone=&#8221;100%&#8221; width_last_edited=&#8221;on|phone&#8221;][et_pb_column type=&#8221;4_4&#8243; _builder_version=&#8221;4.4.3&#8243;][et_pb_text _builder_version=&#8221;4.4.3&#8243; text_orientation_tablet=&#8221;center&#8221; text_orientation_phone=&#8221;center&#8221; text_orientation_last_edited=&#8221;on|phone&#8221;]<\/p>\n<p>Altre opportunit\u00e0 di collaborazione:<\/p>\n<p>[\/et_pb_text][\/et_pb_column][\/et_pb_row][et_pb_row column_structure=&#8221;1_2,1_2&#8243; _builder_version=&#8221;4.8.1&#8243; width_tablet=&#8221;&#8221; width_phone=&#8221;100%&#8221; width_last_edited=&#8221;on|phone&#8221;][et_pb_column type=&#8221;1_2&#8243; _builder_version=&#8221;4.8.1&#8243; _dynamic_attributes=&#8221;link_option_url&#8221; link_option_url=&#8221;@ET-DC@eyJkeW5hbWljIjp0cnVlLCJjb250ZW50IjoicG9zdF9saW5rX3VybF9wYWdlIiwic2V0dGluZ3MiOnsicG9zdF9pZCI6IjE4NzUifX0=@&#8221;][et_pb_text _builder_version=&#8221;4.4.3&#8243; header_font=&#8221;|800|||||||&#8221; header_2_font=&#8221;|800|||||||&#8221; custom_margin=&#8221;||0px||false|false&#8221; custom_padding=&#8221;||0px||false|false&#8221; text_orientation_tablet=&#8221;center&#8221; text_orientation_phone=&#8221;center&#8221; text_orientation_last_edited=&#8221;on|phone&#8221;]<\/p>\n<h2>Franchising<\/h2>\n<p>[\/et_pb_text][et_pb_blurb use_icon=&#8221;on&#8221; font_icon=&#8221;%%2%%&#8221; icon_alignment=&#8221;left&#8221; use_icon_font_size=&#8221;on&#8221; icon_font_size=&#8221;43px&#8221; font_icon_tablet=&#8221;%%3%%&#8221; font_icon_phone=&#8221;%%3%%&#8221; font_icon_last_edited=&#8221;on|phone&#8221; icon_alignment_tablet=&#8221;center&#8221; icon_alignment_phone=&#8221;center&#8221; icon_alignment_last_edited=&#8221;on|tablet&#8221; _builder_version=&#8221;4.4.3&#8243;][\/et_pb_blurb][\/et_pb_column][et_pb_column type=&#8221;1_2&#8243; _builder_version=&#8221;4.8.1&#8243; _dynamic_attributes=&#8221;link_option_url&#8221; link_option_url=&#8221;@ET-DC@eyJkeW5hbWljIjp0cnVlLCJjb250ZW50IjoicG9zdF9saW5rX3VybF9wYWdlIiwic2V0dGluZ3MiOnsicG9zdF9pZCI6IjIyMTkifX0=@&#8221;][et_pb_text _builder_version=&#8221;4.8.1&#8243; header_font=&#8221;|800|||||||&#8221; header_2_font=&#8221;|800|||||||&#8221; text_orientation=&#8221;right&#8221; custom_margin=&#8221;||0px||false|false&#8221; custom_padding=&#8221;||0px||false|false&#8221; text_orientation_tablet=&#8221;center&#8221; text_orientation_phone=&#8221;center&#8221; text_orientation_last_edited=&#8221;on|phone&#8221;]<\/p>\n<h2>NOVO &#8211; Corner<\/h2>\n<p>[\/et_pb_text][et_pb_blurb use_icon=&#8221;on&#8221; font_icon=&#8221;%%3%%&#8221; icon_alignment=&#8221;right&#8221; use_icon_font_size=&#8221;on&#8221; icon_font_size=&#8221;43px&#8221; icon_alignment_tablet=&#8221;center&#8221; icon_alignment_phone=&#8221;center&#8221; icon_alignment_last_edited=&#8221;on|tablet&#8221; _builder_version=&#8221;4.4.3&#8243;][\/et_pb_blurb][\/et_pb_column][\/et_pb_row][\/et_pb_section]<\/p>\n","protected":false},"excerpt":{"rendered":"<p>B2B \u2013 All\u2019ingrossoNoi \u2013 Novo bio &amp; sfuso \u2013 siamo grossisti e vi forniamo prodotti alimentari e non food sostenibili, biologici, se possibile senza imballaggio e sfusi per la vostra attivit\u00e0.Nel nostro assortimento non alimentare abbiamo pi\u00f9 di 500 articoli, per i quali il nostro focus principale \u00e8 sui prodotti senza plastica e sostenibili. Alcuni esempi: saponi per capelli solidi, spazzolini da denti senza plastica o meglio in bamb\u00fa, pannolini di stoffa, tutto il necessario per l\u2019igiene mensile della donna, ed abbiamo molto di pi\u00f9. Il nostro assortimento di prodotti alimentari comprende oltre 500 prodotti biologici certificati, adatti alla vendita senza imballaggio, che forniamo nella quantit\u00e0 necessaria per il vostro negozio. Sul nostro \u00a0shop online B2B \u00e8 possibile sfogliare la nostra gamma di prodotti. Per informazioni pi\u00f9 dettagliate dovete registrarvi e attiveremo il vostro profilo il prima possibile. Per ulteriori informazioniSe avete domande, potete anche contattarci all\u2019indirizzo \u00a0shop@novo.bz. Altre opportunit\u00e0 di collaborazione:FranchisingNOVO &#8211; Corner<\/p>\n","protected":false},"author":61,"featured_media":0,"parent":880,"menu_order":0,"comment_status":"closed","ping_status":"closed","template":"","meta":{"_et_pb_use_builder":"on","_et_pb_old_content":"","_et_gb_content_width":"","footnotes":""},"class_list":["post-1858","page","type-page","status-publish","hentry"],"yoast_head":"<!-- This site is optimized with the Yoast SEO plugin v25.6 - https:\/\/yoast.com\/wordpress\/plugins\/seo\/ -->\n<title>B2B \u2013 All\u2019ingrosso - Novo Market Bio &amp; Lose Sfuso<\/title>\n<meta name=\"robots\" content=\"index, follow, max-snippet:-1, max-image-preview:large, max-video-preview:-1\" \/>\n<link rel=\"canonical\" href=\"https:\/\/novo.bz\/business-partner\/b2b-grosshandel\/\" \/>\n<meta property=\"og:locale\" content=\"it_IT\" \/>\n<meta property=\"og:type\" content=\"article\" \/>\n<meta property=\"og:title\" content=\"B2B \u2013 All\u2019ingrosso - Novo Market Bio &amp; Lose Sfuso\" \/>\n<meta property=\"og:description\" content=\"B2B \u2013 All\u2019ingrossoNoi \u2013 Novo bio &amp; sfuso \u2013 siamo grossisti e vi forniamo prodotti alimentari e non food sostenibili, biologici, se possibile senza imballaggio e sfusi per la vostra attivit\u00e0.Nel nostro assortimento non alimentare abbiamo pi\u00f9 di 500 articoli, per i quali il nostro focus principale \u00e8 sui prodotti senza plastica e sostenibili. Alcuni esempi: saponi per capelli solidi, spazzolini da denti senza plastica o meglio in bamb\u00fa, pannolini di stoffa, tutto il necessario per l\u2019igiene mensile della donna, ed abbiamo molto di pi\u00f9. Il nostro assortimento di prodotti alimentari comprende oltre 500 prodotti biologici certificati, adatti alla vendita senza imballaggio, che forniamo nella quantit\u00e0 necessaria per il vostro negozio. Sul nostro \u00a0shop online B2B \u00e8 possibile sfogliare la nostra gamma di prodotti. Per informazioni pi\u00f9 dettagliate dovete registrarvi e attiveremo il vostro profilo il prima possibile. Per ulteriori informazioniSe avete domande, potete anche contattarci all\u2019indirizzo \u00a0shop@novo.bz. Altre opportunit\u00e0 di collaborazione:FranchisingNOVO - Corner\" \/>\n<meta property=\"og:url\" content=\"https:\/\/novo.bz\/business-partner\/b2b-grosshandel\/\" \/>\n<meta property=\"og:site_name\" content=\"Novo Market Bio &amp; Lose Sfuso\" \/>\n<meta property=\"article:publisher\" content=\"https:\/\/www.facebook.com\/novobz\/\" \/>\n<meta property=\"article:modified_time\" content=\"2021-02-11T07:43:26+00:00\" \/>\n<meta name=\"twitter:label1\" content=\"Tempo di lettura stimato\" \/>\n\t<meta name=\"twitter:data1\" content=\"8 minuti\" \/>\n<script type=\"application\/ld+json\" class=\"yoast-schema-graph\">{\"@context\":\"https:\/\/schema.org\",\"@graph\":[{\"@type\":\"WebPage\",\"@id\":\"https:\/\/novo.bz\/business-partner\/b2b-grosshandel\/\",\"url\":\"https:\/\/novo.bz\/business-partner\/b2b-grosshandel\/\",\"name\":\"B2B \u2013 All\u2019ingrosso - Novo Market Bio &amp; Lose Sfuso\",\"isPartOf\":{\"@id\":\"https:\/\/novo.bz\/#website\"},\"datePublished\":\"2021-02-10T07:27:35+00:00\",\"dateModified\":\"2021-02-11T07:43:26+00:00\",\"breadcrumb\":{\"@id\":\"https:\/\/novo.bz\/business-partner\/b2b-grosshandel\/#breadcrumb\"},\"inLanguage\":\"it-IT\",\"potentialAction\":[{\"@type\":\"ReadAction\",\"target\":[\"https:\/\/novo.bz\/business-partner\/b2b-grosshandel\/\"]}]},{\"@type\":\"BreadcrumbList\",\"@id\":\"https:\/\/novo.bz\/business-partner\/b2b-grosshandel\/#breadcrumb\",\"itemListElement\":[{\"@type\":\"ListItem\",\"position\":1,\"name\":\"Startseite\",\"item\":\"https:\/\/novo.bz\/\"},{\"@type\":\"ListItem\",\"position\":2,\"name\":\"Partner commerciali\",\"item\":\"https:\/\/novo.bz\/it\/partner-commerciali\/\"},{\"@type\":\"ListItem\",\"position\":3,\"name\":\"B2B \u2013 All\u2019ingrosso\"}]},{\"@type\":\"WebSite\",\"@id\":\"https:\/\/novo.bz\/#website\",\"url\":\"https:\/\/novo.bz\/\",\"name\":\"Novo Market Bio &amp; Lose Sfuso\",\"description\":\"Zero Waste Bio-Supermarket\",\"publisher\":{\"@id\":\"https:\/\/novo.bz\/#organization\"},\"potentialAction\":[{\"@type\":\"SearchAction\",\"target\":{\"@type\":\"EntryPoint\",\"urlTemplate\":\"https:\/\/novo.bz\/?s={search_term_string}\"},\"query-input\":{\"@type\":\"PropertyValueSpecification\",\"valueRequired\":true,\"valueName\":\"search_term_string\"}}],\"inLanguage\":\"it-IT\"},{\"@type\":\"Organization\",\"@id\":\"https:\/\/novo.bz\/#organization\",\"name\":\"Novo Zero Waste Market Online Shop Sfuso Unverpackt\",\"url\":\"https:\/\/novo.bz\/\",\"logo\":{\"@type\":\"ImageObject\",\"inLanguage\":\"it-IT\",\"@id\":\"https:\/\/novo.bz\/#\/schema\/logo\/image\/\",\"url\":\"https:\/\/novo.bz\/wp-content\/uploads\/Novo-Logo.png\",\"contentUrl\":\"https:\/\/novo.bz\/wp-content\/uploads\/Novo-Logo.png\",\"width\":300,\"height\":221,\"caption\":\"Novo Zero Waste Market Online Shop Sfuso Unverpackt\"},\"image\":{\"@id\":\"https:\/\/novo.bz\/#\/schema\/logo\/image\/\"},\"sameAs\":[\"https:\/\/www.facebook.com\/novobz\/\",\"https:\/\/www.instagram.com\/novo.bz.bio.market.sfuso\/\"]}]}<\/script>\n<!-- \/ Yoast SEO plugin. -->","yoast_head_json":{"title":"B2B \u2013 All\u2019ingrosso - Novo Market Bio &amp; Lose Sfuso","robots":{"index":"index","follow":"follow","max-snippet":"max-snippet:-1","max-image-preview":"max-image-preview:large","max-video-preview":"max-video-preview:-1"},"canonical":"https:\/\/novo.bz\/business-partner\/b2b-grosshandel\/","og_locale":"it_IT","og_type":"article","og_title":"B2B \u2013 All\u2019ingrosso - Novo Market Bio &amp; Lose Sfuso","og_description":"B2B \u2013 All\u2019ingrossoNoi \u2013 Novo bio &amp; sfuso \u2013 siamo grossisti e vi forniamo prodotti alimentari e non food sostenibili, biologici, se possibile senza imballaggio e sfusi per la vostra attivit\u00e0.Nel nostro assortimento non alimentare abbiamo pi\u00f9 di 500 articoli, per i quali il nostro focus principale \u00e8 sui prodotti senza plastica e sostenibili. Alcuni esempi: saponi per capelli solidi, spazzolini da denti senza plastica o meglio in bamb\u00fa, pannolini di stoffa, tutto il necessario per l\u2019igiene mensile della donna, ed abbiamo molto di pi\u00f9. Il nostro assortimento di prodotti alimentari comprende oltre 500 prodotti biologici certificati, adatti alla vendita senza imballaggio, che forniamo nella quantit\u00e0 necessaria per il vostro negozio. Sul nostro \u00a0shop online B2B \u00e8 possibile sfogliare la nostra gamma di prodotti. Per informazioni pi\u00f9 dettagliate dovete registrarvi e attiveremo il vostro profilo il prima possibile. Per ulteriori informazioniSe avete domande, potete anche contattarci all\u2019indirizzo \u00a0shop@novo.bz. Altre opportunit\u00e0 di collaborazione:FranchisingNOVO - Corner","og_url":"https:\/\/novo.bz\/business-partner\/b2b-grosshandel\/","og_site_name":"Novo Market Bio &amp; Lose Sfuso","article_publisher":"https:\/\/www.facebook.com\/novobz\/","article_modified_time":"2021-02-11T07:43:26+00:00","twitter_misc":{"Tempo di lettura stimato":"8 minuti"},"schema":{"@context":"https:\/\/schema.org","@graph":[{"@type":"WebPage","@id":"https:\/\/novo.bz\/business-partner\/b2b-grosshandel\/","url":"https:\/\/novo.bz\/business-partner\/b2b-grosshandel\/","name":"B2B \u2013 All\u2019ingrosso - Novo Market Bio &amp; Lose Sfuso","isPartOf":{"@id":"https:\/\/novo.bz\/#website"},"datePublished":"2021-02-10T07:27:35+00:00","dateModified":"2021-02-11T07:43:26+00:00","breadcrumb":{"@id":"https:\/\/novo.bz\/business-partner\/b2b-grosshandel\/#breadcrumb"},"inLanguage":"it-IT","potentialAction":[{"@type":"ReadAction","target":["https:\/\/novo.bz\/business-partner\/b2b-grosshandel\/"]}]},{"@type":"BreadcrumbList","@id":"https:\/\/novo.bz\/business-partner\/b2b-grosshandel\/#breadcrumb","itemListElement":[{"@type":"ListItem","position":1,"name":"Startseite","item":"https:\/\/novo.bz\/"},{"@type":"ListItem","position":2,"name":"Partner commerciali","item":"https:\/\/novo.bz\/it\/partner-commerciali\/"},{"@type":"ListItem","position":3,"name":"B2B \u2013 All\u2019ingrosso"}]},{"@type":"WebSite","@id":"https:\/\/novo.bz\/#website","url":"https:\/\/novo.bz\/","name":"Novo Market Bio &amp; Lose Sfuso","description":"Zero Waste Bio-Supermarket","publisher":{"@id":"https:\/\/novo.bz\/#organization"},"potentialAction":[{"@type":"SearchAction","target":{"@type":"EntryPoint","urlTemplate":"https:\/\/novo.bz\/?s={search_term_string}"},"query-input":{"@type":"PropertyValueSpecification","valueRequired":true,"valueName":"search_term_string"}}],"inLanguage":"it-IT"},{"@type":"Organization","@id":"https:\/\/novo.bz\/#organization","name":"Novo Zero Waste Market Online Shop Sfuso Unverpackt","url":"https:\/\/novo.bz\/","logo":{"@type":"ImageObject","inLanguage":"it-IT","@id":"https:\/\/novo.bz\/#\/schema\/logo\/image\/","url":"https:\/\/novo.bz\/wp-content\/uploads\/Novo-Logo.png","contentUrl":"https:\/\/novo.bz\/wp-content\/uploads\/Novo-Logo.png","width":300,"height":221,"caption":"Novo Zero Waste Market Online Shop Sfuso Unverpackt"},"image":{"@id":"https:\/\/novo.bz\/#\/schema\/logo\/image\/"},"sameAs":["https:\/\/www.facebook.com\/novobz\/","https:\/\/www.instagram.com\/novo.bz.bio.market.sfuso\/"]}]}},"_links":{"self":[{"href":"https:\/\/novo.bz\/it\/wp-json\/wp\/v2\/pages\/1858"}],"collection":[{"href":"https:\/\/novo.bz\/it\/wp-json\/wp\/v2\/pages"}],"about":[{"href":"https:\/\/novo.bz\/it\/wp-json\/wp\/v2\/types\/page"}],"author":[{"embeddable":true,"href":"https:\/\/novo.bz\/it\/wp-json\/wp\/v2\/users\/61"}],"replies":[{"embeddable":true,"href":"https:\/\/novo.bz\/it\/wp-json\/wp\/v2\/comments?post=1858"}],"version-history":[{"count":5,"href":"https:\/\/novo.bz\/it\/wp-json\/wp\/v2\/pages\/1858\/revisions"}],"predecessor-version":[{"id":2538,"href":"https:\/\/novo.bz\/it\/wp-json\/wp\/v2\/pages\/1858\/revisions\/2538"}],"up":[{"embeddable":true,"href":"https:\/\/novo.bz\/it\/wp-json\/wp\/v2\/pages\/880"}],"wp:attachment":[{"href":"https:\/\/novo.bz\/it\/wp-json\/wp\/v2\/media?parent=1858"}],"curies":[{"name":"wp","href":"https:\/\/api.w.org\/{rel}","templated":true}]}}